{"id":5939,"date":"2025-03-05T13:28:36","date_gmt":"2025-03-05T12:28:36","guid":{"rendered":"https:\/\/campingcalapola.com\/autres\/"},"modified":"2025-03-05T15:19:23","modified_gmt":"2025-03-05T14:19:23","slug":"autres","status":"publish","type":"page","link":"https:\/\/campingcalapola.com\/fr\/evenements-2\/autres\/","title":{"rendered":"Autres"},"content":{"rendered":"\n<div class=\"wp-block-group bloque-intro is-layout-constrained wp-block-group-is-layout-constrained\">\n<div class=\"wp-block-columns is-layout-flex wp-container-core-columns-is-layout-28f84493 wp-block-columns-is-layout-flex\">\n<div class=\"wp-block-column is-layout-flow wp-block-column-is-layout-flow\">\n<h1 class=\"wp-block-heading has-text-align-center olas-sub animation--init--once animation--bottom\">Autres<\/h1>\n<\/div>\n<\/div>\n<\/div>\n\n<div class=\"wp-block-group alignfull texto-galeria oh is-layout-constrained wp-block-group-is-layout-constrained\">\n<div class=\"wp-block-columns alignwide are-vertically-aligned-center is-layout-flex wp-container-core-columns-is-layout-28f84493 wp-block-columns-is-layout-flex\">\n<div class=\"wp-block-column is-vertically-aligned-center texto animation--init--once animation--left is-layout-flow wp-block-column-is-layout-flow\">\n<p>Dans notre station, nous organisons des tournages de spots publicitaires, des s\u00e9ances photos pour des catalogues ou des magazines, des tournages de films en ext\u00e9rieur, etc.<\/p>\n\n\n\n<p>L&rsquo;environnement dans lequel se trouve le camping, au milieu d&rsquo;un bosquet et avec la mer M\u00e9diterran\u00e9e en arri\u00e8re-plan, offre toutes sortes de coins photographiques. <\/p>\n\n\n\n<p>Nous avons d\u00e9j\u00e0 collabor\u00e9 \u00e0 une s\u00e9ance publicitaire pour la bi\u00e8re, \u00e0 des photos de mannequins et bien plus encore.<\/p>\n<\/div>\n\n\n\n<div class=\"wp-block-column is-vertically-aligned-center galeria animation--init--once animation--right is-layout-flow wp-block-column-is-layout-flow\" style=\"flex-basis:50%\">\n<figure class=\"wp-block-image size-full\"><img loading=\"lazy\" decoding=\"async\" width=\"1400\" height=\"900\" src=\"https:\/\/campingcalapola.com\/wp-content\/uploads\/servicios-08.jpg\" alt=\"servicios-08\" class=\"wp-image-3306\" srcset=\"https:\/\/campingcalapola.com\/wp-content\/uploads\/\/servicios-08.jpg 1400w, https:\/\/campingcalapola.com\/wp-content\/uploads\/\/servicios-08-1024x658.jpg 1024w, https:\/\/campingcalapola.com\/wp-content\/uploads\/\/servicios-08-768x494.jpg 768w, https:\/\/campingcalapola.com\/wp-content\/uploads\/\/servicios-08-512x329.jpg 512w, https:\/\/campingcalapola.com\/wp-content\/uploads\/\/servicios-08-256x165.jpg 256w\" sizes=\"auto, (max-width: 1400px) 100vw, 1400px\" \/><\/figure>\n<\/div>\n<\/div>\n<\/div>\n\n<p class=\"has-text-align-center\" style=\"margin-bottom:10vh\"><strong>\u00c9crivez-nous avec votre id\u00e9e \u00e0 <a href=\"mailto:events@campingcalapola.com\">events@campingcalapola.com<\/a><\/strong><\/p>\n","protected":false},"excerpt":{"rendered":"<p>Autres Dans notre station, nous organisons des tournages de spots publicitaires, des s\u00e9ances photos pour des catalogues ou des magazines, des tournages de films en&#8230;<\/p>\n","protected":false},"author":10,"featured_media":0,"parent":5972,"menu_order":4,"comment_status":"closed","ping_status":"closed","template":"","meta":{"_acf_changed":false,"inline_featured_image":false,"footnotes":""},"class_list":["post-5939","page","type-page","status-publish","hentry"],"acf":[],"yoast_head":"<!-- This site is optimized with the Yoast SEO plugin v25.4 - https:\/\/yoast.com\/wordpress\/plugins\/seo\/ -->\n<title>Autres - Cala Pola - Costa Brava (Tossa de Mar)<\/title>\n<meta name=\"description\" content=\"\u00c9v\u00e9nements.Nous organisons des \u00e9v\u00e9nements tout au long de la saison. Des s\u00e9ries de concerts sur la plage aux petits tournois sportifs.\" \/>\n<meta name=\"robots\" content=\"index, follow, max-snippet:-1, max-image-preview:large, max-video-preview:-1\" \/>\n<link rel=\"canonical\" href=\"https:\/\/campingcalapola.com\/fr\/evenements-2\/autres\/\" \/>\n<meta property=\"og:locale\" content=\"fr_FR\" \/>\n<meta property=\"og:type\" content=\"article\" \/>\n<meta property=\"og:title\" content=\"Autres - Cala Pola - Costa Brava (Tossa de Mar)\" \/>\n<meta property=\"og:description\" content=\"\u00c9v\u00e9nements.Nous organisons des \u00e9v\u00e9nements tout au long de la saison. Des s\u00e9ries de concerts sur la plage aux petits tournois sportifs.\" \/>\n<meta property=\"og:url\" content=\"https:\/\/campingcalapola.com\/fr\/evenements-2\/autres\/\" \/>\n<meta property=\"og:site_name\" content=\"Cala Pola\" \/>\n<meta property=\"article:modified_time\" content=\"2025-03-05T14:19:23+00:00\" \/>\n<meta property=\"og:image\" content=\"https:\/\/campingcalapola.com\/wp-content\/uploads\/servicios-08.jpg\" \/>\n<meta name=\"twitter:card\" content=\"summary_large_image\" \/>\n<script type=\"application\/ld+json\" class=\"yoast-schema-graph\">{\"@context\":\"https:\/\/schema.org\",\"@graph\":[{\"@type\":\"WebPage\",\"@id\":\"https:\/\/campingcalapola.com\/fr\/evenements-2\/autres\/\",\"url\":\"https:\/\/campingcalapola.com\/fr\/evenements-2\/autres\/\",\"name\":\"Autres - Cala Pola - Costa Brava (Tossa de Mar)\",\"isPartOf\":{\"@id\":\"https:\/\/campingcalapola.com\/#website\"},\"primaryImageOfPage\":{\"@id\":\"https:\/\/campingcalapola.com\/fr\/evenements-2\/autres\/#primaryimage\"},\"image\":{\"@id\":\"https:\/\/campingcalapola.com\/fr\/evenements-2\/autres\/#primaryimage\"},\"thumbnailUrl\":\"https:\/\/campingcalapola.com\/wp-content\/uploads\/servicios-08.jpg\",\"datePublished\":\"2025-03-05T12:28:36+00:00\",\"dateModified\":\"2025-03-05T14:19:23+00:00\",\"description\":\"\u00c9v\u00e9nements.Nous organisons des \u00e9v\u00e9nements tout au long de la saison. Des s\u00e9ries de concerts sur la plage aux petits tournois sportifs.\",\"breadcrumb\":{\"@id\":\"https:\/\/campingcalapola.com\/fr\/evenements-2\/autres\/#breadcrumb\"},\"inLanguage\":\"fr-FR\",\"potentialAction\":[{\"@type\":\"ReadAction\",\"target\":[\"https:\/\/campingcalapola.com\/fr\/evenements-2\/autres\/\"]}]},{\"@type\":\"ImageObject\",\"inLanguage\":\"fr-FR\",\"@id\":\"https:\/\/campingcalapola.com\/fr\/evenements-2\/autres\/#primaryimage\",\"url\":\"https:\/\/campingcalapola.com\/wp-content\/uploads\/servicios-08.jpg\",\"contentUrl\":\"https:\/\/campingcalapola.com\/wp-content\/uploads\/servicios-08.jpg\"},{\"@type\":\"BreadcrumbList\",\"@id\":\"https:\/\/campingcalapola.com\/fr\/evenements-2\/autres\/#breadcrumb\",\"itemListElement\":[{\"@type\":\"ListItem\",\"position\":1,\"name\":\"Portada\",\"item\":\"https:\/\/campingcalapola.com\/fr\/\"},{\"@type\":\"ListItem\",\"position\":2,\"name\":\"\u00c9v\u00e9nements\",\"item\":\"https:\/\/campingcalapola.com\/fr\/evenements-2\/\"},{\"@type\":\"ListItem\",\"position\":3,\"name\":\"Autres\"}]},{\"@type\":\"WebSite\",\"@id\":\"https:\/\/campingcalapola.com\/#website\",\"url\":\"https:\/\/campingcalapola.com\/\",\"name\":\"Cala Pola\",\"description\":\"100% Costa Brava\",\"publisher\":{\"@id\":\"https:\/\/campingcalapola.com\/#organization\"},\"potentialAction\":[{\"@type\":\"SearchAction\",\"target\":{\"@type\":\"EntryPoint\",\"urlTemplate\":\"https:\/\/campingcalapola.com\/?s={search_term_string}\"},\"query-input\":{\"@type\":\"PropertyValueSpecification\",\"valueRequired\":true,\"valueName\":\"search_term_string\"}}],\"inLanguage\":\"fr-FR\"},{\"@type\":\"Organization\",\"@id\":\"https:\/\/campingcalapola.com\/#organization\",\"name\":\"Cala Pola\",\"url\":\"https:\/\/campingcalapola.com\/\",\"logo\":{\"@type\":\"ImageObject\",\"inLanguage\":\"fr-FR\",\"@id\":\"https:\/\/campingcalapola.com\/#\/schema\/logo\/image\/\",\"url\":\"https:\/\/campingcalapola.com\/wp-content\/uploads\/logo-cala-pola-h.png\",\"contentUrl\":\"https:\/\/campingcalapola.com\/wp-content\/uploads\/logo-cala-pola-h.png\",\"width\":340,\"height\":120,\"caption\":\"Cala Pola\"},\"image\":{\"@id\":\"https:\/\/campingcalapola.com\/#\/schema\/logo\/image\/\"}}]}<\/script>\n<!-- \/ Yoast SEO plugin. -->","yoast_head_json":{"title":"Autres - Cala Pola - Costa Brava (Tossa de Mar)","description":"\u00c9v\u00e9nements.Nous organisons des \u00e9v\u00e9nements tout au long de la saison. Des s\u00e9ries de concerts sur la plage aux petits tournois sportifs.","robots":{"index":"index","follow":"follow","max-snippet":"max-snippet:-1","max-image-preview":"max-image-preview:large","max-video-preview":"max-video-preview:-1"},"canonical":"https:\/\/campingcalapola.com\/fr\/evenements-2\/autres\/","og_locale":"fr_FR","og_type":"article","og_title":"Autres - Cala Pola - Costa Brava (Tossa de Mar)","og_description":"\u00c9v\u00e9nements.Nous organisons des \u00e9v\u00e9nements tout au long de la saison. Des s\u00e9ries de concerts sur la plage aux petits tournois sportifs.","og_url":"https:\/\/campingcalapola.com\/fr\/evenements-2\/autres\/","og_site_name":"Cala Pola","article_modified_time":"2025-03-05T14:19:23+00:00","og_image":[{"url":"https:\/\/campingcalapola.com\/wp-content\/uploads\/servicios-08.jpg","type":"","width":"","height":""}],"twitter_card":"summary_large_image","schema":{"@context":"https:\/\/schema.org","@graph":[{"@type":"WebPage","@id":"https:\/\/campingcalapola.com\/fr\/evenements-2\/autres\/","url":"https:\/\/campingcalapola.com\/fr\/evenements-2\/autres\/","name":"Autres - Cala Pola - Costa Brava (Tossa de Mar)","isPartOf":{"@id":"https:\/\/campingcalapola.com\/#website"},"primaryImageOfPage":{"@id":"https:\/\/campingcalapola.com\/fr\/evenements-2\/autres\/#primaryimage"},"image":{"@id":"https:\/\/campingcalapola.com\/fr\/evenements-2\/autres\/#primaryimage"},"thumbnailUrl":"https:\/\/campingcalapola.com\/wp-content\/uploads\/servicios-08.jpg","datePublished":"2025-03-05T12:28:36+00:00","dateModified":"2025-03-05T14:19:23+00:00","description":"\u00c9v\u00e9nements.Nous organisons des \u00e9v\u00e9nements tout au long de la saison. Des s\u00e9ries de concerts sur la plage aux petits tournois sportifs.","breadcrumb":{"@id":"https:\/\/campingcalapola.com\/fr\/evenements-2\/autres\/#breadcrumb"},"inLanguage":"fr-FR","potentialAction":[{"@type":"ReadAction","target":["https:\/\/campingcalapola.com\/fr\/evenements-2\/autres\/"]}]},{"@type":"ImageObject","inLanguage":"fr-FR","@id":"https:\/\/campingcalapola.com\/fr\/evenements-2\/autres\/#primaryimage","url":"https:\/\/campingcalapola.com\/wp-content\/uploads\/servicios-08.jpg","contentUrl":"https:\/\/campingcalapola.com\/wp-content\/uploads\/servicios-08.jpg"},{"@type":"BreadcrumbList","@id":"https:\/\/campingcalapola.com\/fr\/evenements-2\/autres\/#breadcrumb","itemListElement":[{"@type":"ListItem","position":1,"name":"Portada","item":"https:\/\/campingcalapola.com\/fr\/"},{"@type":"ListItem","position":2,"name":"\u00c9v\u00e9nements","item":"https:\/\/campingcalapola.com\/fr\/evenements-2\/"},{"@type":"ListItem","position":3,"name":"Autres"}]},{"@type":"WebSite","@id":"https:\/\/campingcalapola.com\/#website","url":"https:\/\/campingcalapola.com\/","name":"Cala Pola","description":"100% Costa Brava","publisher":{"@id":"https:\/\/campingcalapola.com\/#organization"},"potentialAction":[{"@type":"SearchAction","target":{"@type":"EntryPoint","urlTemplate":"https:\/\/campingcalapola.com\/?s={search_term_string}"},"query-input":{"@type":"PropertyValueSpecification","valueRequired":true,"valueName":"search_term_string"}}],"inLanguage":"fr-FR"},{"@type":"Organization","@id":"https:\/\/campingcalapola.com\/#organization","name":"Cala Pola","url":"https:\/\/campingcalapola.com\/","logo":{"@type":"ImageObject","inLanguage":"fr-FR","@id":"https:\/\/campingcalapola.com\/#\/schema\/logo\/image\/","url":"https:\/\/campingcalapola.com\/wp-content\/uploads\/logo-cala-pola-h.png","contentUrl":"https:\/\/campingcalapola.com\/wp-content\/uploads\/logo-cala-pola-h.png","width":340,"height":120,"caption":"Cala Pola"},"image":{"@id":"https:\/\/campingcalapola.com\/#\/schema\/logo\/image\/"}}]}},"_links":{"self":[{"href":"https:\/\/campingcalapola.com\/fr\/wp-json\/wp\/v2\/pages\/5939","targetHints":{"allow":["GET"]}}],"collection":[{"href":"https:\/\/campingcalapola.com\/fr\/wp-json\/wp\/v2\/pages"}],"about":[{"href":"https:\/\/campingcalapola.com\/fr\/wp-json\/wp\/v2\/types\/page"}],"author":[{"embeddable":true,"href":"https:\/\/campingcalapola.com\/fr\/wp-json\/wp\/v2\/users\/10"}],"replies":[{"embeddable":true,"href":"https:\/\/campingcalapola.com\/fr\/wp-json\/wp\/v2\/comments?post=5939"}],"version-history":[{"count":1,"href":"https:\/\/campingcalapola.com\/fr\/wp-json\/wp\/v2\/pages\/5939\/revisions"}],"predecessor-version":[{"id":5940,"href":"https:\/\/campingcalapola.com\/fr\/wp-json\/wp\/v2\/pages\/5939\/revisions\/5940"}],"up":[{"embeddable":true,"href":"https:\/\/campingcalapola.com\/fr\/wp-json\/wp\/v2\/pages\/5972"}],"wp:attachment":[{"href":"https:\/\/campingcalapola.com\/fr\/wp-json\/wp\/v2\/media?parent=5939"}],"curies":[{"name":"wp","href":"https:\/\/api.w.org\/{rel}","templated":true}]}}