{"id":5261,"date":"2025-01-08T09:11:43","date_gmt":"2025-01-08T08:11:43","guid":{"rendered":"https:\/\/campingcalapola.com\/parcelas\/"},"modified":"2025-04-29T11:58:38","modified_gmt":"2025-04-29T09:58:38","slug":"parcelles-camping","status":"publish","type":"page","link":"https:\/\/campingcalapola.com\/fr\/parcelles-camping\/","title":{"rendered":"Parcelles"},"content":{"rendered":"\n<div class=\"wp-block-group bloque-intro is-layout-constrained wp-block-group-is-layout-constrained\">\n<div class=\"wp-block-columns animation--init--once animation--bottom is-layout-flex wp-container-core-columns-is-layout-28f84493 wp-block-columns-is-layout-flex\">\n<div class=\"wp-block-column is-layout-flow wp-block-column-is-layout-flow\">\n<h1 class=\"wp-block-heading has-text-align-center olas-sub\">Parcelles<\/h1>\n<\/div>\n<\/div>\n\n\n\n<div class=\"wp-block-columns menu-alojamientos animation--init--once animation--top is-layout-flex wp-container-core-columns-is-layout-28f84493 wp-block-columns-is-layout-flex\">\n<div class=\"wp-block-column is-layout-flow wp-block-column-is-layout-flow\">\n<div class=\"wp-block-buttons is-content-justification-center is-layout-flex wp-container-core-buttons-is-layout-db4f66d9 wp-block-buttons-is-layout-flex\">\n<div class=\"wp-block-button active\"><a class=\"wp-block-button__link wp-element-button\" href=\"https:\/\/campingcalapola.com\/fr\/parcelles\/\">Tous<\/a><\/div>\n\n\n\n<div class=\"wp-block-button boton-ofertas\"><a class=\"wp-block-button__link wp-element-button\" href=\"https:\/\/campingcalapola.com\/fr\/offres\/\">Offres<\/a><\/div>\n\n\n\n<div class=\"wp-block-button\"><a class=\"wp-block-button__link wp-element-button\" href=\"https:\/\/booking.campingcalapola.com\/search?lang=fr\" target=\"_blank\" rel=\"noreferrer noopener\">R\u00e9servations<\/a><\/div>\n\n\n\n<div class=\"wp-block-button\"><a class=\"wp-block-button__link wp-element-button\" href=\"https:\/\/campingcalapola.com\/wp-content\/uploads\/calapola-mapa.pdf\" target=\"_blank\" rel=\"noreferrer noopener\">Plan<\/a><\/div>\n<\/div>\n<\/div>\n<\/div>\n<\/div>\n\n\n\n<div class=\"wp-block-group alignfull otros-alojamientos has-animation oh is-layout-constrained wp-block-group-is-layout-constrained\">\n<div class=\"wp-block-columns alignwide is-layout-flex wp-container-core-columns-is-layout-28f84493 wp-block-columns-is-layout-flex\">\n<div class=\"wp-block-column is-layout-flow wp-block-column-is-layout-flow\"><script>var object = [];<\/script>\n<div class=\"wp-block-otros-elementos\">\n\n                            \n            <div class=\"otros-elementos elementos-columnas wp-block-columns is-layout-flex wp-block-columns-is-layout-flex columnas-3 animation--init--once animation--top\">\n                                                                                    \n                            <a class=\"wp-block-column is-layout-flow wp-block-column-is-layout-flow r\" href=\"https:\/\/campingcalapola.com\/fr\/parcelles-camping\/parcelles-plus\/\">\n                                <div class=\"image\">\n                                    <img loading=\"lazy\" decoding=\"async\" width=\"1450\" height=\"950\" src=\"https:\/\/campingcalapola.com\/wp-content\/uploads\/parcela-01a.jpg\" class=\"attachment-gallery-large size-gallery-large wp-post-image\" alt=\"parcela-01\" srcset=\"https:\/\/campingcalapola.com\/wp-content\/uploads\/\/parcela-01a.jpg 1450w, https:\/\/campingcalapola.com\/wp-content\/uploads\/\/parcela-01a-1024x671.jpg 1024w, https:\/\/campingcalapola.com\/wp-content\/uploads\/\/parcela-01a-768x503.jpg 768w, https:\/\/campingcalapola.com\/wp-content\/uploads\/\/parcela-01a-512x335.jpg 512w, https:\/\/campingcalapola.com\/wp-content\/uploads\/\/parcela-01a-256x168.jpg 256w\" sizes=\"auto, (max-width: 1450px) 100vw, 1450px\" \/>                                <\/div>\n\n                                <div class=\"wp-block-group\">\n                                    <h2 class=\"titre-location\">Parcelles Plus<\/h2>\n                                                                            <div class=\"iconos-alojamientos is-not-stacked-on-mobile\">\n                                            <div class=\"iconos-horizontales\">\n                                                                                                    <div class=\"wp-block-group\">\n                                                                                                                <img decoding=\"async\" class=\"icono-aloj\" src=\"https:\/\/campingcalapola.com\/wp-content\/uploads\/parcela-classic.png\" alt=\"parcela classic\" \/>\n                                                                                                                                                                    <\/div>\n                                                                                                    <div class=\"wp-block-group\">\n                                                                                                                <img decoding=\"async\" class=\"icono-aloj\" src=\"https:\/\/campingcalapola.com\/wp-content\/uploads\/usuario.svg\" alt=\"usuario\" \/>\n                                                                                                                                                                            <p class=\"valor-icono\">6 pers<\/p>\n                                                                                                            <\/div>\n                                                                                                    <div class=\"wp-block-group\">\n                                                                                                                <img decoding=\"async\" class=\"icono-aloj\" src=\"https:\/\/campingcalapola.com\/wp-content\/uploads\/size.svg\" alt=\"size\" \/>\n                                                                                                                                                                            <p class=\"valor-icono\">60 &#8211; 90m\u00b2<\/p>\n                                                                                                            <\/div>\n                                                                                                    <div class=\"wp-block-group\">\n                                                                                                                <img decoding=\"async\" class=\"icono-aloj\" src=\"https:\/\/campingcalapola.com\/wp-content\/uploads\/perros.svg\" alt=\"perros\" \/>\n                                                                                                                                                                    <\/div>\n                                                                                            <\/div>\n                                        <\/div>\n                                                                    <\/div>\n                            <\/a>\n\n                                                                                                                                \n                            <a class=\"wp-block-column is-layout-flow wp-block-column-is-layout-flow r\" href=\"https:\/\/campingcalapola.com\/fr\/parcelles-camping\/parcelles-plus-chien\/\">\n                                <div class=\"image\">\n                                    <img loading=\"lazy\" decoding=\"async\" width=\"1450\" height=\"950\" src=\"https:\/\/campingcalapola.com\/wp-content\/uploads\/parcela-03.jpg\" class=\"attachment-gallery-large size-gallery-large wp-post-image\" alt=\"parcela 03\" srcset=\"https:\/\/campingcalapola.com\/wp-content\/uploads\/\/parcela-03.jpg 1450w, https:\/\/campingcalapola.com\/wp-content\/uploads\/\/parcela-03-1024x671.jpg 1024w, https:\/\/campingcalapola.com\/wp-content\/uploads\/\/parcela-03-768x503.jpg 768w, https:\/\/campingcalapola.com\/wp-content\/uploads\/\/parcela-03-512x335.jpg 512w, https:\/\/campingcalapola.com\/wp-content\/uploads\/\/parcela-03-256x168.jpg 256w\" sizes=\"auto, (max-width: 1450px) 100vw, 1450px\" \/>                                <\/div>\n\n                                <div class=\"wp-block-group\">\n                                    <h2 class=\"titre-location\">Parcelles Plus Chien<\/h2>\n                                                                            <div class=\"iconos-alojamientos is-not-stacked-on-mobile\">\n                                            <div class=\"iconos-horizontales\">\n                                                                                                    <div class=\"wp-block-group\">\n                                                                                                                <img decoding=\"async\" class=\"icono-aloj\" src=\"https:\/\/campingcalapola.com\/wp-content\/uploads\/parcela-classic.png\" alt=\"parcela classic\" \/>\n                                                                                                                                                                    <\/div>\n                                                                                                    <div class=\"wp-block-group\">\n                                                                                                                <img decoding=\"async\" class=\"icono-aloj\" src=\"https:\/\/campingcalapola.com\/wp-content\/uploads\/usuario.svg\" alt=\"usuario\" \/>\n                                                                                                                                                                            <p class=\"valor-icono\">6 pax<\/p>\n                                                                                                            <\/div>\n                                                                                                    <div class=\"wp-block-group\">\n                                                                                                                <img decoding=\"async\" class=\"icono-aloj\" src=\"https:\/\/campingcalapola.com\/wp-content\/uploads\/size.svg\" alt=\"size\" \/>\n                                                                                                                                                                            <p class=\"valor-icono\">60 &#8211; 90m\u00b2<\/p>\n                                                                                                            <\/div>\n                                                                                                    <div class=\"wp-block-group\">\n                                                                                                                <img decoding=\"async\" class=\"icono-aloj\" src=\"https:\/\/campingcalapola.com\/wp-content\/uploads\/perros-si.svg\" alt=\"\" \/>\n                                                                                                                                                                    <\/div>\n                                                                                            <\/div>\n                                        <\/div>\n                                                                    <\/div>\n                            <\/a>\n\n                                                                        <\/div>\n        \n    \n<\/div>\n\n<\/div>\n<\/div>\n<\/div>\n\n\n\n<div class=\"wp-block-group alignfull info-alojamiento oh is-layout-constrained wp-block-group-is-layout-constrained\">\n<div class=\"wp-block-columns alignwide is-layout-flex wp-container-core-columns-is-layout-28f84493 wp-block-columns-is-layout-flex\">\n<div class=\"wp-block-column info1 animation--init--once animation--left is-layout-flow wp-block-column-is-layout-flow\" style=\"flex-basis:40%\">\n<p>Au Camping Cala Pola, nous disposons d&rsquo;une vari\u00e9t\u00e9 de parcelles destin\u00e9es \u00e0 accueillir les campeurs pour qu&rsquo;ils profitent d&rsquo;un environnement naturel unique.<br>Que vous soyez en tente, en caravane ou en camping-car, nous avons l&rsquo;espace id\u00e9al pour votre s\u00e9jour.<\/p>\n<\/div>\n\n\n\n<div class=\"wp-block-column info2 animation--init--once animation--right is-layout-flow wp-block-column-is-layout-flow\">\n<p>Hors saison, les s\u00e9jours sur les emplacements sont d&rsquo;un minimum de 2 nuits.<br>En haute saison, le s\u00e9jour minimum est de 7 nuits.<br>Nous disposons d&#8217;emplacements adapt\u00e9s aux chiens.<\/p>\n<\/div>\n<\/div>\n<\/div>\n","protected":false},"excerpt":{"rendered":"<p>Parcelles Au Camping Cala Pola, nous disposons d&rsquo;une vari\u00e9t\u00e9 de parcelles destin\u00e9es \u00e0 accueillir les campeurs pour qu&rsquo;ils profitent d&rsquo;un environnement naturel unique.Que vous soyez&#8230;<\/p>\n","protected":false},"author":2,"featured_media":0,"parent":0,"menu_order":3,"comment_status":"closed","ping_status":"closed","template":"","meta":{"_acf_changed":false,"inline_featured_image":false,"footnotes":""},"class_list":["post-5261","page","type-page","status-publish","hentry"],"acf":[],"yoast_head":"<!-- This site is optimized with the Yoast SEO plugin v25.4 - https:\/\/yoast.com\/wordpress\/plugins\/seo\/ -->\n<title>Parcelles - Camping Cala Pola - Costa Brava (Tossa de Mar)<\/title>\n<meta name=\"description\" content=\"Nos emplacements de camping sont entour\u00e9s de v\u00e9g\u00e9tation et de plantes indig\u00e8nes, \u00e0 quelques m\u00e8tres de la plage et tr\u00e8s proches de la piscine,\" \/>\n<meta name=\"robots\" content=\"index, follow, max-snippet:-1, max-image-preview:large, max-video-preview:-1\" \/>\n<link rel=\"canonical\" href=\"https:\/\/campingcalapola.com\/fr\/parcelles-camping\/\" \/>\n<meta property=\"og:locale\" content=\"fr_FR\" \/>\n<meta property=\"og:type\" content=\"article\" \/>\n<meta property=\"og:title\" content=\"Parcelles - Camping Cala Pola - Costa Brava (Tossa de Mar)\" \/>\n<meta property=\"og:description\" content=\"Nos emplacements de camping sont entour\u00e9s de v\u00e9g\u00e9tation et de plantes indig\u00e8nes, \u00e0 quelques m\u00e8tres de la plage et tr\u00e8s proches de la piscine,\" \/>\n<meta property=\"og:url\" content=\"https:\/\/campingcalapola.com\/fr\/parcelles-camping\/\" \/>\n<meta property=\"og:site_name\" content=\"Cala Pola\" \/>\n<meta property=\"article:modified_time\" content=\"2025-04-29T09:58:38+00:00\" \/>\n<meta name=\"twitter:card\" content=\"summary_large_image\" \/>\n<meta name=\"twitter:label1\" content=\"Dur\u00e9e de lecture estim\u00e9e\" \/>\n\t<meta name=\"twitter:data1\" content=\"1 minute\" \/>\n<script type=\"application\/ld+json\" class=\"yoast-schema-graph\">{\"@context\":\"https:\/\/schema.org\",\"@graph\":[{\"@type\":\"WebPage\",\"@id\":\"https:\/\/campingcalapola.com\/fr\/parcelles-camping\/\",\"url\":\"https:\/\/campingcalapola.com\/fr\/parcelles-camping\/\",\"name\":\"Parcelles - Camping Cala Pola - Costa Brava (Tossa de Mar)\",\"isPartOf\":{\"@id\":\"https:\/\/campingcalapola.com\/#website\"},\"datePublished\":\"2025-01-08T08:11:43+00:00\",\"dateModified\":\"2025-04-29T09:58:38+00:00\",\"description\":\"Nos emplacements de camping sont entour\u00e9s de v\u00e9g\u00e9tation et de plantes indig\u00e8nes, \u00e0 quelques m\u00e8tres de la plage et tr\u00e8s proches de la piscine,\",\"breadcrumb\":{\"@id\":\"https:\/\/campingcalapola.com\/fr\/parcelles-camping\/#breadcrumb\"},\"inLanguage\":\"fr-FR\",\"potentialAction\":[{\"@type\":\"ReadAction\",\"target\":[\"https:\/\/campingcalapola.com\/fr\/parcelles-camping\/\"]}]},{\"@type\":\"BreadcrumbList\",\"@id\":\"https:\/\/campingcalapola.com\/fr\/parcelles-camping\/#breadcrumb\",\"itemListElement\":[{\"@type\":\"ListItem\",\"position\":1,\"name\":\"Portada\",\"item\":\"https:\/\/campingcalapola.com\/fr\/\"},{\"@type\":\"ListItem\",\"position\":2,\"name\":\"Parcelles\"}]},{\"@type\":\"WebSite\",\"@id\":\"https:\/\/campingcalapola.com\/#website\",\"url\":\"https:\/\/campingcalapola.com\/\",\"name\":\"Cala Pola\",\"description\":\"100% Costa Brava\",\"publisher\":{\"@id\":\"https:\/\/campingcalapola.com\/#organization\"},\"potentialAction\":[{\"@type\":\"SearchAction\",\"target\":{\"@type\":\"EntryPoint\",\"urlTemplate\":\"https:\/\/campingcalapola.com\/?s={search_term_string}\"},\"query-input\":{\"@type\":\"PropertyValueSpecification\",\"valueRequired\":true,\"valueName\":\"search_term_string\"}}],\"inLanguage\":\"fr-FR\"},{\"@type\":\"Organization\",\"@id\":\"https:\/\/campingcalapola.com\/#organization\",\"name\":\"Cala Pola\",\"url\":\"https:\/\/campingcalapola.com\/\",\"logo\":{\"@type\":\"ImageObject\",\"inLanguage\":\"fr-FR\",\"@id\":\"https:\/\/campingcalapola.com\/#\/schema\/logo\/image\/\",\"url\":\"https:\/\/campingcalapola.com\/wp-content\/uploads\/logo-cala-pola-h.png\",\"contentUrl\":\"https:\/\/campingcalapola.com\/wp-content\/uploads\/logo-cala-pola-h.png\",\"width\":340,\"height\":120,\"caption\":\"Cala Pola\"},\"image\":{\"@id\":\"https:\/\/campingcalapola.com\/#\/schema\/logo\/image\/\"}}]}<\/script>\n<!-- \/ Yoast SEO plugin. -->","yoast_head_json":{"title":"Parcelles - Camping Cala Pola - Costa Brava (Tossa de Mar)","description":"Nos emplacements de camping sont entour\u00e9s de v\u00e9g\u00e9tation et de plantes indig\u00e8nes, \u00e0 quelques m\u00e8tres de la plage et tr\u00e8s proches de la piscine,","robots":{"index":"index","follow":"follow","max-snippet":"max-snippet:-1","max-image-preview":"max-image-preview:large","max-video-preview":"max-video-preview:-1"},"canonical":"https:\/\/campingcalapola.com\/fr\/parcelles-camping\/","og_locale":"fr_FR","og_type":"article","og_title":"Parcelles - Camping Cala Pola - Costa Brava (Tossa de Mar)","og_description":"Nos emplacements de camping sont entour\u00e9s de v\u00e9g\u00e9tation et de plantes indig\u00e8nes, \u00e0 quelques m\u00e8tres de la plage et tr\u00e8s proches de la piscine,","og_url":"https:\/\/campingcalapola.com\/fr\/parcelles-camping\/","og_site_name":"Cala Pola","article_modified_time":"2025-04-29T09:58:38+00:00","twitter_card":"summary_large_image","twitter_misc":{"Dur\u00e9e de lecture estim\u00e9e":"1 minute"},"schema":{"@context":"https:\/\/schema.org","@graph":[{"@type":"WebPage","@id":"https:\/\/campingcalapola.com\/fr\/parcelles-camping\/","url":"https:\/\/campingcalapola.com\/fr\/parcelles-camping\/","name":"Parcelles - Camping Cala Pola - Costa Brava (Tossa de Mar)","isPartOf":{"@id":"https:\/\/campingcalapola.com\/#website"},"datePublished":"2025-01-08T08:11:43+00:00","dateModified":"2025-04-29T09:58:38+00:00","description":"Nos emplacements de camping sont entour\u00e9s de v\u00e9g\u00e9tation et de plantes indig\u00e8nes, \u00e0 quelques m\u00e8tres de la plage et tr\u00e8s proches de la piscine,","breadcrumb":{"@id":"https:\/\/campingcalapola.com\/fr\/parcelles-camping\/#breadcrumb"},"inLanguage":"fr-FR","potentialAction":[{"@type":"ReadAction","target":["https:\/\/campingcalapola.com\/fr\/parcelles-camping\/"]}]},{"@type":"BreadcrumbList","@id":"https:\/\/campingcalapola.com\/fr\/parcelles-camping\/#breadcrumb","itemListElement":[{"@type":"ListItem","position":1,"name":"Portada","item":"https:\/\/campingcalapola.com\/fr\/"},{"@type":"ListItem","position":2,"name":"Parcelles"}]},{"@type":"WebSite","@id":"https:\/\/campingcalapola.com\/#website","url":"https:\/\/campingcalapola.com\/","name":"Cala Pola","description":"100% Costa Brava","publisher":{"@id":"https:\/\/campingcalapola.com\/#organization"},"potentialAction":[{"@type":"SearchAction","target":{"@type":"EntryPoint","urlTemplate":"https:\/\/campingcalapola.com\/?s={search_term_string}"},"query-input":{"@type":"PropertyValueSpecification","valueRequired":true,"valueName":"search_term_string"}}],"inLanguage":"fr-FR"},{"@type":"Organization","@id":"https:\/\/campingcalapola.com\/#organization","name":"Cala Pola","url":"https:\/\/campingcalapola.com\/","logo":{"@type":"ImageObject","inLanguage":"fr-FR","@id":"https:\/\/campingcalapola.com\/#\/schema\/logo\/image\/","url":"https:\/\/campingcalapola.com\/wp-content\/uploads\/logo-cala-pola-h.png","contentUrl":"https:\/\/campingcalapola.com\/wp-content\/uploads\/logo-cala-pola-h.png","width":340,"height":120,"caption":"Cala Pola"},"image":{"@id":"https:\/\/campingcalapola.com\/#\/schema\/logo\/image\/"}}]}},"_links":{"self":[{"href":"https:\/\/campingcalapola.com\/fr\/wp-json\/wp\/v2\/pages\/5261","targetHints":{"allow":["GET"]}}],"collection":[{"href":"https:\/\/campingcalapola.com\/fr\/wp-json\/wp\/v2\/pages"}],"about":[{"href":"https:\/\/campingcalapola.com\/fr\/wp-json\/wp\/v2\/types\/page"}],"author":[{"embeddable":true,"href":"https:\/\/campingcalapola.com\/fr\/wp-json\/wp\/v2\/users\/2"}],"replies":[{"embeddable":true,"href":"https:\/\/campingcalapola.com\/fr\/wp-json\/wp\/v2\/comments?post=5261"}],"version-history":[{"count":4,"href":"https:\/\/campingcalapola.com\/fr\/wp-json\/wp\/v2\/pages\/5261\/revisions"}],"predecessor-version":[{"id":5315,"href":"https:\/\/campingcalapola.com\/fr\/wp-json\/wp\/v2\/pages\/5261\/revisions\/5315"}],"wp:attachment":[{"href":"https:\/\/campingcalapola.com\/fr\/wp-json\/wp\/v2\/media?parent=5261"}],"curies":[{"name":"wp","href":"https:\/\/api.w.org\/{rel}","templated":true}]}}