{"id":4532,"date":"2024-10-04T10:14:31","date_gmt":"2024-10-04T08:14:31","guid":{"rendered":"https:\/\/campingcalapola.com\/?page_id=4532"},"modified":"2026-02-13T15:23:25","modified_gmt":"2026-02-13T14:23:25","slug":"site-demploi","status":"publish","type":"page","link":"https:\/\/campingcalapola.com\/fr\/site-demploi\/","title":{"rendered":"Site d&#8217;emploi"},"content":{"rendered":"<h1 class=\"has-text-align-center olas-sub bloque-intro wp-block-post-title\">Site d&#8217;emploi<\/h1>\n\n\n<h2 class=\"wp-block-heading has-text-align-center\">Rejoignez notre \u00e9quipe<\/h2>\n\n\n\n<div class=\"wp-block-media-text is-stacked-on-mobile\"><figure class=\"wp-block-media-text__media\"><a href=\"https:\/\/campingcalapola.factorial.es\/\"><img loading=\"lazy\" decoding=\"async\" width=\"1280\" height=\"850\" src=\"https:\/\/campingcalapola.com\/wp-content\/uploads\/boies-cala-pola-1.jpeg\" alt=\"\" class=\"wp-image-6093 size-full\" srcset=\"https:\/\/campingcalapola.com\/wp-content\/uploads\/boies-cala-pola-1.jpeg 1280w, https:\/\/campingcalapola.com\/wp-content\/uploads\/boies-cala-pola-1-1024x680.jpeg 1024w, https:\/\/campingcalapola.com\/wp-content\/uploads\/boies-cala-pola-1-768x510.jpeg 768w, https:\/\/campingcalapola.com\/wp-content\/uploads\/boies-cala-pola-1-512x340.jpeg 512w, https:\/\/campingcalapola.com\/wp-content\/uploads\/boies-cala-pola-1-256x170.jpeg 256w\" sizes=\"auto, (max-width: 1280px) 100vw, 1280px\" \/><\/a><\/figure><div class=\"wp-block-media-text__content\">\n<p>Au <strong>Camping Cala Pola<\/strong>, nous recherchons des personnes passionn\u00e9es et engag\u00e9es pour rejoindre notre \u00e9quipe. Si vous souhaitez int\u00e9grer une entreprise en pleine croissance, \u00e9largir vos connaissances dans le secteur du tourisme et acqu\u00e9rir de nouvelles comp\u00e9tences, c\u2019est votre opportunit\u00e9.<\/p>\n\n\n\n<p>Nous vous offrons un cadre de travail privil\u00e9gi\u00e9, de bonnes conditions de travail, et nous aimons d\u00e9couvrir de nouveaux talents. Si vous pensez correspondre aux profils que nous recherchons et que vous savez travailler en \u00e9quipe, nous sommes l\u2019entreprise que vous cherchiez.<\/p>\n\n\n\n<p>Nous vous attendons pour vivre une exp\u00e9rience unique dans un environnement exceptionnel !<\/p>\n\n\n\n<div class=\"wp-block-buttons is-content-justification-center is-layout-flex wp-container-core-buttons-is-layout-a89b3969 wp-block-buttons-is-layout-flex\">\n<div class=\"wp-block-button\"><a class=\"wp-block-button__link wp-element-button\" href=\"https:\/\/campingcalapola.factorial.es\/\">Candidature<\/a><\/div>\n<\/div>\n<\/div><\/div>\n","protected":false},"excerpt":{"rendered":"<p>Rejoignez notre \u00e9quipe<\/p>\n","protected":false},"author":2,"featured_media":0,"parent":0,"menu_order":18,"comment_status":"closed","ping_status":"closed","template":"","meta":{"_acf_changed":false,"inline_featured_image":false,"footnotes":""},"class_list":["post-4532","page","type-page","status-publish","hentry"],"acf":[],"yoast_head":"<!-- This site is optimized with the Yoast SEO plugin v25.4 - https:\/\/yoast.com\/wordpress\/plugins\/seo\/ -->\n<title>Site d&#039;emploi - Cala Pola<\/title>\n<meta name=\"description\" content=\"Rejoignez notre \u00e9quipe Au Camping Cala Pola, nous recherchons des personnes passionn\u00e9es et engag\u00e9es pour rejoindre notre \u00e9quipe. Si vous souhaitez\" \/>\n<meta name=\"robots\" content=\"index, follow, max-snippet:-1, max-image-preview:large, max-video-preview:-1\" \/>\n<link rel=\"canonical\" href=\"https:\/\/campingcalapola.com\/fr\/site-demploi\/\" \/>\n<meta property=\"og:locale\" content=\"fr_FR\" \/>\n<meta property=\"og:type\" content=\"article\" \/>\n<meta property=\"og:title\" content=\"Site d&#039;emploi - Cala Pola\" \/>\n<meta property=\"og:description\" content=\"Rejoignez notre \u00e9quipe Au Camping Cala Pola, nous recherchons des personnes passionn\u00e9es et engag\u00e9es pour rejoindre notre \u00e9quipe. Si vous souhaitez\" \/>\n<meta property=\"og:url\" content=\"https:\/\/campingcalapola.com\/fr\/site-demploi\/\" \/>\n<meta property=\"og:site_name\" content=\"Cala Pola\" \/>\n<meta property=\"article:modified_time\" content=\"2026-02-13T14:23:25+00:00\" \/>\n<meta property=\"og:image\" content=\"https:\/\/campingcalapola.com\/wp-content\/uploads\/boies-cala-pola-1.jpeg\" \/>\n\t<meta property=\"og:image:width\" content=\"1280\" \/>\n\t<meta property=\"og:image:height\" content=\"850\" \/>\n\t<meta property=\"og:image:type\" content=\"image\/jpeg\" \/>\n<meta name=\"twitter:card\" content=\"summary_large_image\" \/>\n<meta name=\"twitter:label1\" content=\"Dur\u00e9e de lecture estim\u00e9e\" \/>\n\t<meta name=\"twitter:data1\" content=\"1 minute\" \/>\n<script type=\"application\/ld+json\" class=\"yoast-schema-graph\">{\"@context\":\"https:\/\/schema.org\",\"@graph\":[{\"@type\":\"WebPage\",\"@id\":\"https:\/\/campingcalapola.com\/fr\/site-demploi\/\",\"url\":\"https:\/\/campingcalapola.com\/fr\/site-demploi\/\",\"name\":\"Site d'emploi - Cala Pola\",\"isPartOf\":{\"@id\":\"https:\/\/campingcalapola.com\/#website\"},\"primaryImageOfPage\":{\"@id\":\"https:\/\/campingcalapola.com\/fr\/site-demploi\/#primaryimage\"},\"image\":{\"@id\":\"https:\/\/campingcalapola.com\/fr\/site-demploi\/#primaryimage\"},\"thumbnailUrl\":\"https:\/\/campingcalapola.com\/wp-content\/uploads\/boies-cala-pola-1.jpeg\",\"datePublished\":\"2024-10-04T08:14:31+00:00\",\"dateModified\":\"2026-02-13T14:23:25+00:00\",\"description\":\"Rejoignez notre \u00e9quipe Au Camping Cala Pola, nous recherchons des personnes passionn\u00e9es et engag\u00e9es pour rejoindre notre \u00e9quipe. Si vous souhaitez\",\"breadcrumb\":{\"@id\":\"https:\/\/campingcalapola.com\/fr\/site-demploi\/#breadcrumb\"},\"inLanguage\":\"fr-FR\",\"potentialAction\":[{\"@type\":\"ReadAction\",\"target\":[\"https:\/\/campingcalapola.com\/fr\/site-demploi\/\"]}]},{\"@type\":\"ImageObject\",\"inLanguage\":\"fr-FR\",\"@id\":\"https:\/\/campingcalapola.com\/fr\/site-demploi\/#primaryimage\",\"url\":\"https:\/\/campingcalapola.com\/wp-content\/uploads\/boies-cala-pola-1.jpeg\",\"contentUrl\":\"https:\/\/campingcalapola.com\/wp-content\/uploads\/boies-cala-pola-1.jpeg\"},{\"@type\":\"BreadcrumbList\",\"@id\":\"https:\/\/campingcalapola.com\/fr\/site-demploi\/#breadcrumb\",\"itemListElement\":[{\"@type\":\"ListItem\",\"position\":1,\"name\":\"Portada\",\"item\":\"https:\/\/campingcalapola.com\/fr\/\"},{\"@type\":\"ListItem\",\"position\":2,\"name\":\"Site d&#8217;emploi\"}]},{\"@type\":\"WebSite\",\"@id\":\"https:\/\/campingcalapola.com\/#website\",\"url\":\"https:\/\/campingcalapola.com\/\",\"name\":\"Cala Pola\",\"description\":\"100% Costa Brava\",\"publisher\":{\"@id\":\"https:\/\/campingcalapola.com\/#organization\"},\"potentialAction\":[{\"@type\":\"SearchAction\",\"target\":{\"@type\":\"EntryPoint\",\"urlTemplate\":\"https:\/\/campingcalapola.com\/?s={search_term_string}\"},\"query-input\":{\"@type\":\"PropertyValueSpecification\",\"valueRequired\":true,\"valueName\":\"search_term_string\"}}],\"inLanguage\":\"fr-FR\"},{\"@type\":\"Organization\",\"@id\":\"https:\/\/campingcalapola.com\/#organization\",\"name\":\"Cala Pola\",\"url\":\"https:\/\/campingcalapola.com\/\",\"logo\":{\"@type\":\"ImageObject\",\"inLanguage\":\"fr-FR\",\"@id\":\"https:\/\/campingcalapola.com\/#\/schema\/logo\/image\/\",\"url\":\"https:\/\/campingcalapola.com\/wp-content\/uploads\/logo-cala-pola-h.png\",\"contentUrl\":\"https:\/\/campingcalapola.com\/wp-content\/uploads\/logo-cala-pola-h.png\",\"width\":340,\"height\":120,\"caption\":\"Cala Pola\"},\"image\":{\"@id\":\"https:\/\/campingcalapola.com\/#\/schema\/logo\/image\/\"}}]}<\/script>\n<!-- \/ Yoast SEO plugin. -->","yoast_head_json":{"title":"Site d'emploi - Cala Pola","description":"Rejoignez notre \u00e9quipe Au Camping Cala Pola, nous recherchons des personnes passionn\u00e9es et engag\u00e9es pour rejoindre notre \u00e9quipe. Si vous souhaitez","robots":{"index":"index","follow":"follow","max-snippet":"max-snippet:-1","max-image-preview":"max-image-preview:large","max-video-preview":"max-video-preview:-1"},"canonical":"https:\/\/campingcalapola.com\/fr\/site-demploi\/","og_locale":"fr_FR","og_type":"article","og_title":"Site d'emploi - Cala Pola","og_description":"Rejoignez notre \u00e9quipe Au Camping Cala Pola, nous recherchons des personnes passionn\u00e9es et engag\u00e9es pour rejoindre notre \u00e9quipe. Si vous souhaitez","og_url":"https:\/\/campingcalapola.com\/fr\/site-demploi\/","og_site_name":"Cala Pola","article_modified_time":"2026-02-13T14:23:25+00:00","og_image":[{"width":1280,"height":850,"url":"https:\/\/campingcalapola.com\/wp-content\/uploads\/boies-cala-pola-1.jpeg","type":"image\/jpeg"}],"twitter_card":"summary_large_image","twitter_misc":{"Dur\u00e9e de lecture estim\u00e9e":"1 minute"},"schema":{"@context":"https:\/\/schema.org","@graph":[{"@type":"WebPage","@id":"https:\/\/campingcalapola.com\/fr\/site-demploi\/","url":"https:\/\/campingcalapola.com\/fr\/site-demploi\/","name":"Site d'emploi - Cala Pola","isPartOf":{"@id":"https:\/\/campingcalapola.com\/#website"},"primaryImageOfPage":{"@id":"https:\/\/campingcalapola.com\/fr\/site-demploi\/#primaryimage"},"image":{"@id":"https:\/\/campingcalapola.com\/fr\/site-demploi\/#primaryimage"},"thumbnailUrl":"https:\/\/campingcalapola.com\/wp-content\/uploads\/boies-cala-pola-1.jpeg","datePublished":"2024-10-04T08:14:31+00:00","dateModified":"2026-02-13T14:23:25+00:00","description":"Rejoignez notre \u00e9quipe Au Camping Cala Pola, nous recherchons des personnes passionn\u00e9es et engag\u00e9es pour rejoindre notre \u00e9quipe. Si vous souhaitez","breadcrumb":{"@id":"https:\/\/campingcalapola.com\/fr\/site-demploi\/#breadcrumb"},"inLanguage":"fr-FR","potentialAction":[{"@type":"ReadAction","target":["https:\/\/campingcalapola.com\/fr\/site-demploi\/"]}]},{"@type":"ImageObject","inLanguage":"fr-FR","@id":"https:\/\/campingcalapola.com\/fr\/site-demploi\/#primaryimage","url":"https:\/\/campingcalapola.com\/wp-content\/uploads\/boies-cala-pola-1.jpeg","contentUrl":"https:\/\/campingcalapola.com\/wp-content\/uploads\/boies-cala-pola-1.jpeg"},{"@type":"BreadcrumbList","@id":"https:\/\/campingcalapola.com\/fr\/site-demploi\/#breadcrumb","itemListElement":[{"@type":"ListItem","position":1,"name":"Portada","item":"https:\/\/campingcalapola.com\/fr\/"},{"@type":"ListItem","position":2,"name":"Site d&#8217;emploi"}]},{"@type":"WebSite","@id":"https:\/\/campingcalapola.com\/#website","url":"https:\/\/campingcalapola.com\/","name":"Cala Pola","description":"100% Costa Brava","publisher":{"@id":"https:\/\/campingcalapola.com\/#organization"},"potentialAction":[{"@type":"SearchAction","target":{"@type":"EntryPoint","urlTemplate":"https:\/\/campingcalapola.com\/?s={search_term_string}"},"query-input":{"@type":"PropertyValueSpecification","valueRequired":true,"valueName":"search_term_string"}}],"inLanguage":"fr-FR"},{"@type":"Organization","@id":"https:\/\/campingcalapola.com\/#organization","name":"Cala Pola","url":"https:\/\/campingcalapola.com\/","logo":{"@type":"ImageObject","inLanguage":"fr-FR","@id":"https:\/\/campingcalapola.com\/#\/schema\/logo\/image\/","url":"https:\/\/campingcalapola.com\/wp-content\/uploads\/logo-cala-pola-h.png","contentUrl":"https:\/\/campingcalapola.com\/wp-content\/uploads\/logo-cala-pola-h.png","width":340,"height":120,"caption":"Cala Pola"},"image":{"@id":"https:\/\/campingcalapola.com\/#\/schema\/logo\/image\/"}}]}},"_links":{"self":[{"href":"https:\/\/campingcalapola.com\/fr\/wp-json\/wp\/v2\/pages\/4532","targetHints":{"allow":["GET"]}}],"collection":[{"href":"https:\/\/campingcalapola.com\/fr\/wp-json\/wp\/v2\/pages"}],"about":[{"href":"https:\/\/campingcalapola.com\/fr\/wp-json\/wp\/v2\/types\/page"}],"author":[{"embeddable":true,"href":"https:\/\/campingcalapola.com\/fr\/wp-json\/wp\/v2\/users\/2"}],"replies":[{"embeddable":true,"href":"https:\/\/campingcalapola.com\/fr\/wp-json\/wp\/v2\/comments?post=4532"}],"version-history":[{"count":9,"href":"https:\/\/campingcalapola.com\/fr\/wp-json\/wp\/v2\/pages\/4532\/revisions"}],"predecessor-version":[{"id":6975,"href":"https:\/\/campingcalapola.com\/fr\/wp-json\/wp\/v2\/pages\/4532\/revisions\/6975"}],"wp:attachment":[{"href":"https:\/\/campingcalapola.com\/fr\/wp-json\/wp\/v2\/media?parent=4532"}],"curies":[{"name":"wp","href":"https:\/\/api.w.org\/{rel}","templated":true}]}}