{"id":3242,"date":"2024-02-27T09:22:48","date_gmt":"2024-02-27T08:22:48","guid":{"rendered":"https:\/\/campingcalapola.com\/reglamento-y-normas-de-orden-interior\/"},"modified":"2025-07-22T12:27:55","modified_gmt":"2025-07-22T10:27:55","slug":"reglement-et-normes-dinterieur","status":"publish","type":"page","link":"https:\/\/campingcalapola.com\/fr\/reglement-et-normes-dinterieur\/","title":{"rendered":"Reglement et Normes d&rsquo;int\u00e9rieur"},"content":{"rendered":"\n<div class=\"wp-block-group bloque-intro is-layout-constrained wp-block-group-is-layout-constrained\">\n<div class=\"wp-block-columns is-layout-flex wp-container-core-columns-is-layout-28f84493 wp-block-columns-is-layout-flex\">\n<div class=\"wp-block-column is-layout-flow wp-block-column-is-layout-flow\">\n<h1 class=\"wp-block-heading has-text-align-center olas-sub animation--init--once animation--bottom\">Reglement et Normes d&rsquo;int\u00e9rieur<\/h1>\n<\/div>\n<\/div>\n<\/div>\n\n\n\n<div class=\"wp-block-group bloque-medio texto-legal is-layout-constrained wp-block-group-is-layout-constrained\" style=\"margin-bottom:60px\">\n<div class=\"wp-block-columns is-layout-flex wp-container-core-columns-is-layout-28f84493 wp-block-columns-is-layout-flex\">\n<div class=\"wp-block-column is-layout-flow wp-block-column-is-layout-flow\">\n<ol class=\"wp-block-list\">\n<li>L\u2019acc\u00e8s au camping est r\u00e9serv\u00e9 aux campeurs: les personnes ext\u00e9rieures devront demander l\u2019autorisation d\u2019entrer \u00e0 la r\u00e9ception. La Direction du Camping se r\u00e9serve le droit d\u2019admission et expulsera, si n\u00e9cessaire, les campeurs dont le comportement perturbe la paix et l\u2019harmonie des autres ou qui ne respectent pas les r\u00e8gles de courtoisie, moralit\u00e9, et d\u00e9cence, \u00e9tablies par le R\u00e8glement Officielle du R\u00e9gime Int\u00e9rieur des Campings de la F.N.C.E., de m\u00eame que les normes mentionn\u00e9es dans ce r\u00e8glement.<strong> <\/strong>Le signataire de la facture sera le responsable de tous les actes imputables \u00e0 lui et aux personnes qui l\u2019accompagnent.&nbsp;<\/li>\n\n\n\n<li>A l\u2019arriv\u00e9e, chaque campeur devra se soumettre aux formalit\u00e9s d\u2019inscription \u00e0 effectuer \u00e0 la r\u00e9ception. Il devra mentionner toutes les personnes ou objets susceptibles d\u2019\u00eatre soumis au paiement qu\u2019il introduira dans le camping. Tout manquement \u00e0 cette norme constituera un motif d\u2019expulsion suffisant. La facture remis aux campeurs \u00e0 leur arriv\u00e9e peut \u00eatre exig\u00e9 par les employ\u00e9es du camping. La facture sera pay\u00e9e par carte bancaire ou en liquide au moment de l\u2019entr\u00e9e.&nbsp; Il peut \u00e9galement \u00eatre pay\u00e9 par virement bancaire ou carte de cr\u00e9dit avec un minimum de 7 jours avant l&rsquo;arriv\u00e9e.<\/li>\n\n\n\n<li>Pour \u00e9viter l\u2019entr\u00e9e de personnes ext\u00e9rieures au camping et veiller \u00e0 la s\u00e9curit\u00e9 de nos clients, au moment de l\u2019entr\u00e9e il sera remis un bracelet d\u2019identification \u00e0 chaque personne inscrite. Nous rappelons l\u2019obligation de porter le bracelet depuis le jour de l\u2019arriv\u00e9e jusqu\u2019\u00e0 la sortie, il doit \u00eatre rendu \u00e0 la fin \u00e0 la r\u00e9ception. Dans le cas o\u00f9 vous n\u2019accepteriez pas cette r\u00e8gle, la direction pourra annuler le contrat entre le client et le camping. Bracelet cass\u00e9 ou perdu: En cas de casse du bracelet il sera remis au client un neuf en \u00e9change du cass\u00e9. En cas de perte du bracelet le client devra payer le montant de 20\u20ac pour en obtenir un nouveau. Pour effectuer ce paiement est n\u00e9cessaire la pr\u00e9sentation de la copie de la facture que le client poss\u00e8de.&nbsp;<\/li>\n\n\n\n<li>Les moins de 16 ans ne seront admis que s\u2019ils sont accompagn\u00e9s d\u2019un adulte qui prend express\u00e9ment la responsabilit\u00e9. Les parents et les personnes ayant la responsabilit\u00e9 de mineurs seront tenus pour responsables des dommages que ceux-ci auront occasionn\u00e9s pendant leur s\u00e9jour dans le camping.<\/li>\n\n\n\n<li>Les emplacements sont assign\u00e9 le jour d\u2019arriv\u00e9e. Le v\u00e9hicule devra \u00eatre gar\u00e9e sur sa propre parcelle laissant les libres \u00e0 disposition des futurs occupants. Maximum autoris\u00e9 par parcelle : 1 voiture + 1 caravane \/ tente et 6 personnes (enfants et b\u00e9b\u00e9s inclus).<\/li>\n\n\n\n<li>Electricit\u00e9: La Direction se r\u00e9serve le droit d\u2019interdire l\u2019utilisation des installations \u00e9lectriques aux campeurs dont les appareils ne sont pas en bon \u00e9tat. Tous les accessoires n\u00e9cessaires sont en vente au supermarch\u00e9. L\u2019\u00e9lectricien du camping est la seule personne habilit\u00e9e pour r\u00e9parer les pannes.<\/li>\n\n\n\n<li>Les animaux domestiques ne sont pas admis sur le camping, \u00e0 l&rsquo;exception des chiens qui peuvent \u00eatre accept\u00e9s dans les zones qui leur sont r\u00e9serv\u00e9es.<\/li>\n\n\n\n<li>Chiens: Les chiens sont admis exclusivement dans les <strong>parcelles Plus Dog<\/strong> num\u00e9rot\u00e9es de 1 \u00e0 31 inclus et dans les <strong>bungalows Xaloc.<\/strong><\/li>\n\n\n\n<li>Il est interdit d&rsquo;utiliser des t\u00e9l\u00e9viseurs, radios et autres lecteurs de musique \u00e0 volume excessif sur les parcelles et les bungalows, ainsi que sur les terrasses, la piscine et les toilettes.<\/li>\n\n\n\n<li>Parking d\u2019entr\u00e9e: Il appartient au camping et il est donc r\u00e9serv\u00e9 \u00e0 l\u2019usage des campeurs et aux arriv\u00e9es apr\u00e8s minuit. Il est aussi destin\u00e9 au moment ou s\u2019effectue les formalit\u00e9s d\u2019entr\u00e9e \u00e0 la r\u00e9ception mais jamais aux sorties, c\u2019est \u00e0 dire, \u00e0 la fin du s\u00e9jour, vous sortirez directement de l\u2019enceinte du camping. Les deuxi\u00e8mes voitures de nos clientes devront stationn\u00e9es sur le parking assign\u00e9 en payant.<\/li>\n\n\n\n<li>Seuls les barbecues \u00e0 gaz sont autoris\u00e9s et seront utilis\u00e9s seulement dans la l\u2019empla\u00e7ament. Il reste absolument interdit de faire un feu ouvert dans le camping, sur la plage, ou dans ses environs.&nbsp;&nbsp;Incendies\/ \u00e9vacuation: Les r\u00e8gles \u00e0 suivre dans ces cas, ainsi qu\u2019un un plan d\u2019\u00e9vacuation avec les sorties d\u2019urgences correspondantes et les positions des extincteurs, sont expos\u00e9es \u00e0 la R\u00e9ception.<\/li>\n\n\n\n<li>Le jour du d\u00e9part, les campeurs doivent quitter leur emplacement avant 12.00 heures. Dans le cas des bungalows, le d\u00e9part se fera avant 10.00 heures, apr\u00e8s un contr\u00f4le effectu\u00e9 par notre personnel. Les deux logements doivent \u00eatre laiss\u00e9s en parfait \u00e9tat. Un d\u00e9part plus tardif implique le paiement d&rsquo;un autre jour de s\u00e9jour.&nbsp;<\/li>\n\n\n\n<li>Utilisez avec soin nos installations sanitaires et maintenez-les propres. Les enfants de moins de 6 ans doivent \u00eatre accompagn\u00e9s d\u2019un adulte.&nbsp;<\/li>\n\n\n\n<li>Afin de prot\u00e9ger les plantes et les arbres, il est interdit de d\u00e9verser des eaux us\u00e9es dessus ainsi que de tendre des cordes \u00e0 linge entre les branches. Les caravanes doivent \u00eatre \u00e9quip\u00e9es d\u2019un r\u00e9cipient recueillant les eaux us\u00e9es. Le contenu sera d\u00e9vers\u00e9 dans les W.C. chimiques.<\/li>\n\n\n\n<li>L\u2019eau de tout le camping est potable. Nous vous rappelons que l\u2019eau est une denr\u00e9e rare. Le camping dispose d&rsquo;aires marqu\u00e9es pour le lavage des v\u00e9hicules et autres gadgets et il est interdit de le faire ailleurs sur le site. Les campeurs sont pri\u00e9s de laisser ces installations propres.<\/li>\n\n\n\n<li>Les ordures seront d\u00e9pos\u00e9es dans les centenaires ad\u00e9quates (plastique, mati\u00e8re organique, papier, cendrier) install\u00e9s \u00e0 cet fin dans les all\u00e9es et autres zones du Camping afin de le maintenir parfaitement propre.<\/li>\n\n\n\n<li>Les campeurs sont les seuls responsables de leurs biens, v\u00e9hicules, caravanes, tentes, bicyclettes, etc. Le camping n&rsquo;est pas responsable des \u00e9ventuels vols ou dommages occasionn\u00e9s.<\/li>\n\n\n\n<li>Tentes et caravanes: Il est interdit de laisser dans le camping des tentes ou des caravanes inoccup\u00e9es, sauf en cas exceptionnel par autorisation pr\u00e9alable de la Direction. Toute tente ou caravane en situation irr\u00e9guli\u00e8re sera d\u00e9mont\u00e9e et transf\u00e9r\u00e9e \u00e0 l\u2019ext\u00e9rieur du camping, imm\u00e9diatement et sans pr\u00e9avis.<\/li>\n\n\n\n<li>A l\u2019arriv\u00e9e, les campeurs sont inform\u00e9s des horaires des services du camping. Les horaires peuvent varier et seront valid\u00e9s par l\u2019affichage dans les \u00e9tablissements correspondants.<\/li>\n\n\n\n<li>Silence et fermeture des barri\u00e8res: Le silence doit \u00eatre absolu entre 24.00 heures et 7.00 heures du matin. Il est donc rigoureusement interdit de circuler en voiture dans l\u2019enceinte du camping pendant ce laps de temps. La barri\u00e8re restera ferm\u00e9e dans les deux sens de circulation entre <em>00 h et 7 h du matin<\/em>. Il n\u2019y aura aucune exception \u00e0 cette r\u00e8gle, sauf \u00e9videmment en cas d\u2019urgence m\u00e9dicale (ambulances&#8230;).                                                                                                                                                                                                  Arriv\u00e9e de nuit: Les campeurs qui arrivent entre minuit et 7.00 heures du matin peuvent garer leur v\u00e9hicule sur le parking d\u2019entr\u00e9e payant.                                              D\u00e9part de nuit: Les clients qui d\u00e9sirent partir pendant la nuit (fin de s\u00e9jour) doivent en avertir la r\u00e9ception qui donnera les ordres n\u00e9cessaires au gardien. Dans ce cas les clients doivent stationner leur automobile et caravane\/ camping-car durant la derni\u00e8re nuit dans le parking de l\u2019entr\u00e9e et doivent avoir r\u00e9gl\u00e9 leur facture au pr\u00e9alable.<\/li>\n\n\n\n<li>Les parcelles sont num\u00e9rot\u00e9es et attribu\u00e9es. Les modifications ne sont pas autoris\u00e9es sans autorisation pr\u00e9alable de la r\u00e9ception.<\/li>\n\n\n\n<li>Visites: Elles sont rigoureusement interdites. Les personnes non long\u00e9s au camping qui d\u00e9sirent rendre visite \u00e0 leur parents ou amis doivent s\u2019adresser au pr\u00e9alable \u00e0 la r\u00e9ception o\u00f9 elles seront inform\u00e9es des conditions \u00e0 suivre si elles sont autoris\u00e9es \u00e0 rentrer, dans ce cas, ils sont plac\u00e9s sous la responsabilit\u00e9 de leurs h\u00f4tes.<\/li>\n\n\n\n<li>La conduite dangereuse de bicyclettes, scooters \u00e9lectriques, skate-board, pocket-bikes ou tout autre v\u00e9hicule bruyant est rigoureusement interdite.&nbsp;La vitesse maximum autoris\u00e9e dans le camping est de 10 km\/h quel que soit le v\u00e9hicule.<\/li>\n\n\n\n<li>Utilisation du canal nautique et r\u00e8gles de s\u00e9curit\u00e9 dans la zone des embarcations.<br>Conform\u00e9ment \u00e0 l&rsquo;Ordonnance de la Mairie de Tossa de Mar (BOP-2020_0_28_820), les r\u00e8gles obligatoires suivantes sont \u00e9tablies concernant l&rsquo;utilisation des embarcations et la baignade dans les zones d\u00e9limit\u00e9es :<br><strong>Embarcations autoris\u00e9es :<br><\/strong>Les embarcations doivent uniquement utiliser les passages de sortie vers la mer d\u00fbment signal\u00e9s, tels que le canal nautique CA-10, autoris\u00e9 par la Mairie de Tossa de Mar.<br>Il est interdit de naviguer dans la zone de baignade d\u00e9limit\u00e9e par des bou\u00e9es, sauf dans les canaux am\u00e9nag\u00e9s pour les embarcations.<br><strong>Interdiction de baignade :<\/strong><br>La baignade est strictement interdite dans les zones r\u00e9serv\u00e9es \u00e0 la navigation des embarcations, en particulier dans le canal nautique CA-10, pour des raisons de s\u00e9curit\u00e9 maritime.<br>La baignade dans ces zones repr\u00e9sente un risque grave tant pour les baigneurs que pour les usagers des embarcations, et peut entra\u00eener des sanctions administratives.<br><strong>Interdiction de sauter depuis le ponton :<\/strong><br>Il est interdit de sauter depuis le ponton dans l\u2019eau, en raison du risque de collision avec les embarcations et de la faible profondeur \u00e9ventuelle, pouvant provoquer des blessures graves.<br>Ces interdictions sont clairement signal\u00e9es par des panneaux visibles, en plusieurs langues et avec une iconographie explicite, afin de garantir leur compr\u00e9hension par tous les usagers.<br>Le non-respect de l\u2019une de ces r\u00e8gles constituera une infraction grave, pouvant entra\u00eener l\u2019expulsion imm\u00e9diate du site sans droit \u00e0 remboursement, et pourra \u00eatre signal\u00e9 aux autorit\u00e9s comp\u00e9tentes si n\u00e9cessaire.<\/li>\n\n\n\n<li>Piscines et terrasses: Il y a des r\u00e8gles d\u2019horaires, de comportement, etc., qui doivent \u00eatre rigoureusement respect\u00e9es. Dans le cas contraire la Direction prendra les mesures ad\u00e9quates. Les moins de 10 ans doivent \u00eatre accompagn\u00e9s d\u2019un adulte qui prend la responsabilit\u00e9.<\/li>\n\n\n\n<li>Image et ordre. Pendant cette p\u00e9riode de vacances nous sommes une famille qui vit ensemble dans un environnement naturel unique. Il est important non seulement de maintenir l&rsquo;endroit en bon \u00e9tat, mais aussi de le laisser dans le meilleur \u00e9tat possible \u00e0 la fin du s\u00e9jour. Aidez-nous \u00e0 le maintenir propre et tri\u00e9. Essayez d&rsquo;\u00e9tendre votre linge \u00e0 l&rsquo;arri\u00e8re des parcelles ou sur les cordes \u00e0 linge des bungalows, jamais \u00e0 premi\u00e8re vue ou sur les grilles, et signalez-nous d\u00e8s que vous voyez de la salet\u00e9 ou des arbres en mauvais \u00e9tat dans n&rsquo;importe quelle partie de l&rsquo;enclos.<\/li>\n\n\n\n<li>Toute personne ne respectant pas ces normes sera invit\u00e9e par la direction \u00e0 quitter le camping dans les plus brefs d\u00e9lais ainsi que les personnes qui l\u2019accompagnent ou qui sont plac\u00e9es sous sa responsabilit\u00e9.<\/li>\n<\/ol>\n\n\n\n<p>Nous vous remercions de votre compr\u00e9hension et de votre coop\u00e9ration \u00e0 ce r\u00e8glement, que nous consid\u00e9rons comme essentiel pour rendre votre s\u00e9jour et vos vacances chez nous encore plus agr\u00e9ables.<\/p>\n\n\n\n<p>                                                                                                                                                                                        LA DIRECTION DU CAMPING<em> <\/em><\/p>\n<\/div>\n<\/div>\n<\/div>\n","protected":false},"excerpt":{"rendered":"<p>Reglement et Normes d&rsquo;int\u00e9rieur Nous vous remercions de votre compr\u00e9hension et de votre coop\u00e9ration \u00e0 ce r\u00e8glement, que nous consid\u00e9rons comme essentiel pour rendre votre&#8230;<\/p>\n","protected":false},"author":2,"featured_media":0,"parent":0,"menu_order":15,"comment_status":"closed","ping_status":"open","template":"","meta":{"_acf_changed":false,"inline_featured_image":false,"footnotes":""},"class_list":["post-3242","page","type-page","status-publish","hentry"],"acf":[],"yoast_head":"<!-- This site is optimized with the Yoast SEO plugin v25.4 - https:\/\/yoast.com\/wordpress\/plugins\/seo\/ -->\n<title>Reglement et Normes d&#039;int\u00e9rieur - Cala Pola - Costa Brava<\/title>\n<meta name=\"description\" content=\"Reglement et Normes d&#039;int\u00e9rieur du Camping Cala Pola. Nous appr\u00e9cions votre compr\u00e9hension et votre respect de ces r\u00e8gles.\" \/>\n<meta name=\"robots\" content=\"index, follow, max-snippet:-1, max-image-preview:large, max-video-preview:-1\" \/>\n<link rel=\"canonical\" href=\"https:\/\/campingcalapola.com\/fr\/reglement-et-normes-dinterieur\/\" \/>\n<meta property=\"og:locale\" content=\"fr_FR\" \/>\n<meta property=\"og:type\" content=\"article\" \/>\n<meta property=\"og:title\" content=\"Reglement et Normes d&#039;int\u00e9rieur - Cala Pola - Costa Brava\" \/>\n<meta property=\"og:description\" content=\"Reglement et Normes d&#039;int\u00e9rieur du Camping Cala Pola. Nous appr\u00e9cions votre compr\u00e9hension et votre respect de ces r\u00e8gles.\" \/>\n<meta property=\"og:url\" content=\"https:\/\/campingcalapola.com\/fr\/reglement-et-normes-dinterieur\/\" \/>\n<meta property=\"og:site_name\" content=\"Cala Pola\" \/>\n<meta property=\"article:modified_time\" content=\"2025-07-22T10:27:55+00:00\" \/>\n<meta name=\"twitter:card\" content=\"summary_large_image\" \/>\n<meta name=\"twitter:label1\" content=\"Dur\u00e9e de lecture estim\u00e9e\" \/>\n\t<meta name=\"twitter:data1\" content=\"8 minutes\" \/>\n<script type=\"application\/ld+json\" class=\"yoast-schema-graph\">{\"@context\":\"https:\/\/schema.org\",\"@graph\":[{\"@type\":\"WebPage\",\"@id\":\"https:\/\/campingcalapola.com\/fr\/reglement-et-normes-dinterieur\/\",\"url\":\"https:\/\/campingcalapola.com\/fr\/reglement-et-normes-dinterieur\/\",\"name\":\"Reglement et Normes d'int\u00e9rieur - Cala Pola - Costa Brava\",\"isPartOf\":{\"@id\":\"https:\/\/campingcalapola.com\/#website\"},\"datePublished\":\"2024-02-27T08:22:48+00:00\",\"dateModified\":\"2025-07-22T10:27:55+00:00\",\"description\":\"Reglement et Normes d'int\u00e9rieur du Camping Cala Pola. Nous appr\u00e9cions votre compr\u00e9hension et votre respect de ces r\u00e8gles.\",\"breadcrumb\":{\"@id\":\"https:\/\/campingcalapola.com\/fr\/reglement-et-normes-dinterieur\/#breadcrumb\"},\"inLanguage\":\"fr-FR\",\"potentialAction\":[{\"@type\":\"ReadAction\",\"target\":[\"https:\/\/campingcalapola.com\/fr\/reglement-et-normes-dinterieur\/\"]}]},{\"@type\":\"BreadcrumbList\",\"@id\":\"https:\/\/campingcalapola.com\/fr\/reglement-et-normes-dinterieur\/#breadcrumb\",\"itemListElement\":[{\"@type\":\"ListItem\",\"position\":1,\"name\":\"Portada\",\"item\":\"https:\/\/campingcalapola.com\/fr\/\"},{\"@type\":\"ListItem\",\"position\":2,\"name\":\"Reglement et Normes d&#8217;int\u00e9rieur\"}]},{\"@type\":\"WebSite\",\"@id\":\"https:\/\/campingcalapola.com\/#website\",\"url\":\"https:\/\/campingcalapola.com\/\",\"name\":\"Cala Pola\",\"description\":\"100% Costa Brava\",\"publisher\":{\"@id\":\"https:\/\/campingcalapola.com\/#organization\"},\"potentialAction\":[{\"@type\":\"SearchAction\",\"target\":{\"@type\":\"EntryPoint\",\"urlTemplate\":\"https:\/\/campingcalapola.com\/?s={search_term_string}\"},\"query-input\":{\"@type\":\"PropertyValueSpecification\",\"valueRequired\":true,\"valueName\":\"search_term_string\"}}],\"inLanguage\":\"fr-FR\"},{\"@type\":\"Organization\",\"@id\":\"https:\/\/campingcalapola.com\/#organization\",\"name\":\"Cala Pola\",\"url\":\"https:\/\/campingcalapola.com\/\",\"logo\":{\"@type\":\"ImageObject\",\"inLanguage\":\"fr-FR\",\"@id\":\"https:\/\/campingcalapola.com\/#\/schema\/logo\/image\/\",\"url\":\"https:\/\/campingcalapola.com\/wp-content\/uploads\/logo-cala-pola-h.png\",\"contentUrl\":\"https:\/\/campingcalapola.com\/wp-content\/uploads\/logo-cala-pola-h.png\",\"width\":340,\"height\":120,\"caption\":\"Cala Pola\"},\"image\":{\"@id\":\"https:\/\/campingcalapola.com\/#\/schema\/logo\/image\/\"}}]}<\/script>\n<!-- \/ Yoast SEO plugin. -->","yoast_head_json":{"title":"Reglement et Normes d'int\u00e9rieur - Cala Pola - Costa Brava","description":"Reglement et Normes d'int\u00e9rieur du Camping Cala Pola. Nous appr\u00e9cions votre compr\u00e9hension et votre respect de ces r\u00e8gles.","robots":{"index":"index","follow":"follow","max-snippet":"max-snippet:-1","max-image-preview":"max-image-preview:large","max-video-preview":"max-video-preview:-1"},"canonical":"https:\/\/campingcalapola.com\/fr\/reglement-et-normes-dinterieur\/","og_locale":"fr_FR","og_type":"article","og_title":"Reglement et Normes d'int\u00e9rieur - Cala Pola - Costa Brava","og_description":"Reglement et Normes d'int\u00e9rieur du Camping Cala Pola. Nous appr\u00e9cions votre compr\u00e9hension et votre respect de ces r\u00e8gles.","og_url":"https:\/\/campingcalapola.com\/fr\/reglement-et-normes-dinterieur\/","og_site_name":"Cala Pola","article_modified_time":"2025-07-22T10:27:55+00:00","twitter_card":"summary_large_image","twitter_misc":{"Dur\u00e9e de lecture estim\u00e9e":"8 minutes"},"schema":{"@context":"https:\/\/schema.org","@graph":[{"@type":"WebPage","@id":"https:\/\/campingcalapola.com\/fr\/reglement-et-normes-dinterieur\/","url":"https:\/\/campingcalapola.com\/fr\/reglement-et-normes-dinterieur\/","name":"Reglement et Normes d'int\u00e9rieur - Cala Pola - Costa Brava","isPartOf":{"@id":"https:\/\/campingcalapola.com\/#website"},"datePublished":"2024-02-27T08:22:48+00:00","dateModified":"2025-07-22T10:27:55+00:00","description":"Reglement et Normes d'int\u00e9rieur du Camping Cala Pola. Nous appr\u00e9cions votre compr\u00e9hension et votre respect de ces r\u00e8gles.","breadcrumb":{"@id":"https:\/\/campingcalapola.com\/fr\/reglement-et-normes-dinterieur\/#breadcrumb"},"inLanguage":"fr-FR","potentialAction":[{"@type":"ReadAction","target":["https:\/\/campingcalapola.com\/fr\/reglement-et-normes-dinterieur\/"]}]},{"@type":"BreadcrumbList","@id":"https:\/\/campingcalapola.com\/fr\/reglement-et-normes-dinterieur\/#breadcrumb","itemListElement":[{"@type":"ListItem","position":1,"name":"Portada","item":"https:\/\/campingcalapola.com\/fr\/"},{"@type":"ListItem","position":2,"name":"Reglement et Normes d&#8217;int\u00e9rieur"}]},{"@type":"WebSite","@id":"https:\/\/campingcalapola.com\/#website","url":"https:\/\/campingcalapola.com\/","name":"Cala Pola","description":"100% Costa Brava","publisher":{"@id":"https:\/\/campingcalapola.com\/#organization"},"potentialAction":[{"@type":"SearchAction","target":{"@type":"EntryPoint","urlTemplate":"https:\/\/campingcalapola.com\/?s={search_term_string}"},"query-input":{"@type":"PropertyValueSpecification","valueRequired":true,"valueName":"search_term_string"}}],"inLanguage":"fr-FR"},{"@type":"Organization","@id":"https:\/\/campingcalapola.com\/#organization","name":"Cala Pola","url":"https:\/\/campingcalapola.com\/","logo":{"@type":"ImageObject","inLanguage":"fr-FR","@id":"https:\/\/campingcalapola.com\/#\/schema\/logo\/image\/","url":"https:\/\/campingcalapola.com\/wp-content\/uploads\/logo-cala-pola-h.png","contentUrl":"https:\/\/campingcalapola.com\/wp-content\/uploads\/logo-cala-pola-h.png","width":340,"height":120,"caption":"Cala Pola"},"image":{"@id":"https:\/\/campingcalapola.com\/#\/schema\/logo\/image\/"}}]}},"_links":{"self":[{"href":"https:\/\/campingcalapola.com\/fr\/wp-json\/wp\/v2\/pages\/3242","targetHints":{"allow":["GET"]}}],"collection":[{"href":"https:\/\/campingcalapola.com\/fr\/wp-json\/wp\/v2\/pages"}],"about":[{"href":"https:\/\/campingcalapola.com\/fr\/wp-json\/wp\/v2\/types\/page"}],"author":[{"embeddable":true,"href":"https:\/\/campingcalapola.com\/fr\/wp-json\/wp\/v2\/users\/2"}],"replies":[{"embeddable":true,"href":"https:\/\/campingcalapola.com\/fr\/wp-json\/wp\/v2\/comments?post=3242"}],"version-history":[{"count":8,"href":"https:\/\/campingcalapola.com\/fr\/wp-json\/wp\/v2\/pages\/3242\/revisions"}],"predecessor-version":[{"id":6590,"href":"https:\/\/campingcalapola.com\/fr\/wp-json\/wp\/v2\/pages\/3242\/revisions\/6590"}],"wp:attachment":[{"href":"https:\/\/campingcalapola.com\/fr\/wp-json\/wp\/v2\/media?parent=3242"}],"curies":[{"name":"wp","href":"https:\/\/api.w.org\/{rel}","templated":true}]}}