{"id":2649,"date":"2024-02-09T17:02:26","date_gmt":"2024-02-09T16:02:26","guid":{"rendered":"https:\/\/campingcalapola.com\/politique-de-cookies\/"},"modified":"2025-10-01T11:00:57","modified_gmt":"2025-10-01T09:00:57","slug":"politique-de-cookies","status":"publish","type":"page","link":"https:\/\/campingcalapola.com\/fr\/politique-de-cookies\/","title":{"rendered":"Politique de cookies"},"content":{"rendered":"\n<div class=\"wp-block-group bloque-intro is-layout-constrained wp-block-group-is-layout-constrained\">\n<div class=\"wp-block-columns animation--init--once animation--bottom is-layout-flex wp-container-core-columns-is-layout-28f84493 wp-block-columns-is-layout-flex\">\n<div class=\"wp-block-column is-layout-flow wp-block-column-is-layout-flow\">\n<h1 class=\"wp-block-heading has-text-align-center olas-sub\">Politique de cookies<\/h1>\n<\/div>\n<\/div>\n\n\n\n<div class=\"wp-block-columns menu-alojamientos animation--init--once animation--top is-layout-flex wp-container-core-columns-is-layout-5f63e2fe wp-block-columns-is-layout-flex\" style=\"padding-top:51px\">\n<div class=\"wp-block-column is-layout-flow wp-block-column-is-layout-flow\"><\/div>\n<\/div>\n<\/div>\n","protected":false},"excerpt":{"rendered":"<p>Politique de cookies<\/p>\n","protected":false},"author":2,"featured_media":0,"parent":0,"menu_order":17,"comment_status":"closed","ping_status":"closed","template":"","meta":{"_acf_changed":false,"inline_featured_image":false,"footnotes":""},"class_list":["post-2649","page","type-page","status-publish","hentry"],"acf":[],"yoast_head":"<!-- This site is optimized with the Yoast SEO plugin v25.4 - https:\/\/yoast.com\/wordpress\/plugins\/seo\/ -->\n<title>Politique de cookies - Cala Pola<\/title>\n<meta name=\"description\" content=\"Des cookies et d&#039;autres technologies connexes sont utilis\u00e9s. Ils sont \u00e9galement plac\u00e9s par des tiers avec lesquels nous avons des contrats.\" \/>\n<meta name=\"robots\" content=\"index, follow, max-snippet:-1, max-image-preview:large, max-video-preview:-1\" \/>\n<link rel=\"canonical\" href=\"https:\/\/campingcalapola.com\/fr\/politique-de-cookies\/\" \/>\n<meta property=\"og:locale\" content=\"fr_FR\" \/>\n<meta property=\"og:type\" content=\"article\" \/>\n<meta property=\"og:title\" content=\"Politique de cookies - Cala Pola\" \/>\n<meta property=\"og:description\" content=\"Des cookies et d&#039;autres technologies connexes sont utilis\u00e9s. Ils sont \u00e9galement plac\u00e9s par des tiers avec lesquels nous avons des contrats.\" \/>\n<meta property=\"og:url\" content=\"https:\/\/campingcalapola.com\/fr\/politique-de-cookies\/\" \/>\n<meta property=\"og:site_name\" content=\"Cala Pola\" \/>\n<meta property=\"article:modified_time\" content=\"2025-10-01T09:00:57+00:00\" \/>\n<meta name=\"twitter:card\" content=\"summary_large_image\" \/>\n<script type=\"application\/ld+json\" class=\"yoast-schema-graph\">{\"@context\":\"https:\/\/schema.org\",\"@graph\":[{\"@type\":\"WebPage\",\"@id\":\"https:\/\/campingcalapola.com\/fr\/politique-de-cookies\/\",\"url\":\"https:\/\/campingcalapola.com\/fr\/politique-de-cookies\/\",\"name\":\"Politique de cookies - Cala Pola\",\"isPartOf\":{\"@id\":\"https:\/\/campingcalapola.com\/#website\"},\"datePublished\":\"2024-02-09T16:02:26+00:00\",\"dateModified\":\"2025-10-01T09:00:57+00:00\",\"description\":\"Des cookies et d'autres technologies connexes sont utilis\u00e9s. Ils sont \u00e9galement plac\u00e9s par des tiers avec lesquels nous avons des contrats.\",\"breadcrumb\":{\"@id\":\"https:\/\/campingcalapola.com\/fr\/politique-de-cookies\/#breadcrumb\"},\"inLanguage\":\"fr-FR\",\"potentialAction\":[{\"@type\":\"ReadAction\",\"target\":[\"https:\/\/campingcalapola.com\/fr\/politique-de-cookies\/\"]}]},{\"@type\":\"BreadcrumbList\",\"@id\":\"https:\/\/campingcalapola.com\/fr\/politique-de-cookies\/#breadcrumb\",\"itemListElement\":[{\"@type\":\"ListItem\",\"position\":1,\"name\":\"Portada\",\"item\":\"https:\/\/campingcalapola.com\/fr\/\"},{\"@type\":\"ListItem\",\"position\":2,\"name\":\"Politique de cookies\"}]},{\"@type\":\"WebSite\",\"@id\":\"https:\/\/campingcalapola.com\/#website\",\"url\":\"https:\/\/campingcalapola.com\/\",\"name\":\"Cala Pola\",\"description\":\"100% Costa Brava\",\"publisher\":{\"@id\":\"https:\/\/campingcalapola.com\/#organization\"},\"potentialAction\":[{\"@type\":\"SearchAction\",\"target\":{\"@type\":\"EntryPoint\",\"urlTemplate\":\"https:\/\/campingcalapola.com\/?s={search_term_string}\"},\"query-input\":{\"@type\":\"PropertyValueSpecification\",\"valueRequired\":true,\"valueName\":\"search_term_string\"}}],\"inLanguage\":\"fr-FR\"},{\"@type\":\"Organization\",\"@id\":\"https:\/\/campingcalapola.com\/#organization\",\"name\":\"Cala Pola\",\"url\":\"https:\/\/campingcalapola.com\/\",\"logo\":{\"@type\":\"ImageObject\",\"inLanguage\":\"fr-FR\",\"@id\":\"https:\/\/campingcalapola.com\/#\/schema\/logo\/image\/\",\"url\":\"https:\/\/campingcalapola.com\/wp-content\/uploads\/logo-cala-pola-h.png\",\"contentUrl\":\"https:\/\/campingcalapola.com\/wp-content\/uploads\/logo-cala-pola-h.png\",\"width\":340,\"height\":120,\"caption\":\"Cala Pola\"},\"image\":{\"@id\":\"https:\/\/campingcalapola.com\/#\/schema\/logo\/image\/\"}}]}<\/script>\n<!-- \/ Yoast SEO plugin. -->","yoast_head_json":{"title":"Politique de cookies - Cala Pola","description":"Des cookies et d'autres technologies connexes sont utilis\u00e9s. Ils sont \u00e9galement plac\u00e9s par des tiers avec lesquels nous avons des contrats.","robots":{"index":"index","follow":"follow","max-snippet":"max-snippet:-1","max-image-preview":"max-image-preview:large","max-video-preview":"max-video-preview:-1"},"canonical":"https:\/\/campingcalapola.com\/fr\/politique-de-cookies\/","og_locale":"fr_FR","og_type":"article","og_title":"Politique de cookies - Cala Pola","og_description":"Des cookies et d'autres technologies connexes sont utilis\u00e9s. Ils sont \u00e9galement plac\u00e9s par des tiers avec lesquels nous avons des contrats.","og_url":"https:\/\/campingcalapola.com\/fr\/politique-de-cookies\/","og_site_name":"Cala Pola","article_modified_time":"2025-10-01T09:00:57+00:00","twitter_card":"summary_large_image","schema":{"@context":"https:\/\/schema.org","@graph":[{"@type":"WebPage","@id":"https:\/\/campingcalapola.com\/fr\/politique-de-cookies\/","url":"https:\/\/campingcalapola.com\/fr\/politique-de-cookies\/","name":"Politique de cookies - Cala Pola","isPartOf":{"@id":"https:\/\/campingcalapola.com\/#website"},"datePublished":"2024-02-09T16:02:26+00:00","dateModified":"2025-10-01T09:00:57+00:00","description":"Des cookies et d'autres technologies connexes sont utilis\u00e9s. Ils sont \u00e9galement plac\u00e9s par des tiers avec lesquels nous avons des contrats.","breadcrumb":{"@id":"https:\/\/campingcalapola.com\/fr\/politique-de-cookies\/#breadcrumb"},"inLanguage":"fr-FR","potentialAction":[{"@type":"ReadAction","target":["https:\/\/campingcalapola.com\/fr\/politique-de-cookies\/"]}]},{"@type":"BreadcrumbList","@id":"https:\/\/campingcalapola.com\/fr\/politique-de-cookies\/#breadcrumb","itemListElement":[{"@type":"ListItem","position":1,"name":"Portada","item":"https:\/\/campingcalapola.com\/fr\/"},{"@type":"ListItem","position":2,"name":"Politique de cookies"}]},{"@type":"WebSite","@id":"https:\/\/campingcalapola.com\/#website","url":"https:\/\/campingcalapola.com\/","name":"Cala Pola","description":"100% Costa Brava","publisher":{"@id":"https:\/\/campingcalapola.com\/#organization"},"potentialAction":[{"@type":"SearchAction","target":{"@type":"EntryPoint","urlTemplate":"https:\/\/campingcalapola.com\/?s={search_term_string}"},"query-input":{"@type":"PropertyValueSpecification","valueRequired":true,"valueName":"search_term_string"}}],"inLanguage":"fr-FR"},{"@type":"Organization","@id":"https:\/\/campingcalapola.com\/#organization","name":"Cala Pola","url":"https:\/\/campingcalapola.com\/","logo":{"@type":"ImageObject","inLanguage":"fr-FR","@id":"https:\/\/campingcalapola.com\/#\/schema\/logo\/image\/","url":"https:\/\/campingcalapola.com\/wp-content\/uploads\/logo-cala-pola-h.png","contentUrl":"https:\/\/campingcalapola.com\/wp-content\/uploads\/logo-cala-pola-h.png","width":340,"height":120,"caption":"Cala Pola"},"image":{"@id":"https:\/\/campingcalapola.com\/#\/schema\/logo\/image\/"}}]}},"_links":{"self":[{"href":"https:\/\/campingcalapola.com\/fr\/wp-json\/wp\/v2\/pages\/2649","targetHints":{"allow":["GET"]}}],"collection":[{"href":"https:\/\/campingcalapola.com\/fr\/wp-json\/wp\/v2\/pages"}],"about":[{"href":"https:\/\/campingcalapola.com\/fr\/wp-json\/wp\/v2\/types\/page"}],"author":[{"embeddable":true,"href":"https:\/\/campingcalapola.com\/fr\/wp-json\/wp\/v2\/users\/2"}],"replies":[{"embeddable":true,"href":"https:\/\/campingcalapola.com\/fr\/wp-json\/wp\/v2\/comments?post=2649"}],"version-history":[{"count":2,"href":"https:\/\/campingcalapola.com\/fr\/wp-json\/wp\/v2\/pages\/2649\/revisions"}],"predecessor-version":[{"id":6721,"href":"https:\/\/campingcalapola.com\/fr\/wp-json\/wp\/v2\/pages\/2649\/revisions\/6721"}],"wp:attachment":[{"href":"https:\/\/campingcalapola.com\/fr\/wp-json\/wp\/v2\/media?parent=2649"}],"curies":[{"name":"wp","href":"https:\/\/api.w.org\/{rel}","templated":true}]}}