{"id":5941,"date":"2025-03-05T13:28:36","date_gmt":"2025-03-05T12:28:36","guid":{"rendered":"https:\/\/campingcalapola.com\/andere\/"},"modified":"2025-03-05T15:19:22","modified_gmt":"2025-03-05T14:19:22","slug":"andere","status":"publish","type":"page","link":"https:\/\/campingcalapola.com\/de\/veranstaltungen-2\/andere\/","title":{"rendered":"Andere"},"content":{"rendered":"\n<div class=\"wp-block-group bloque-intro is-layout-constrained wp-block-group-is-layout-constrained\">\n<div class=\"wp-block-columns is-layout-flex wp-container-core-columns-is-layout-28f84493 wp-block-columns-is-layout-flex\">\n<div class=\"wp-block-column is-layout-flow wp-block-column-is-layout-flow\">\n<h1 class=\"wp-block-heading has-text-align-center olas-sub animation--init--once animation--bottom\">Andere<\/h1>\n<\/div>\n<\/div>\n<\/div>\n\n<div class=\"wp-block-group alignfull texto-galeria oh is-layout-constrained wp-block-group-is-layout-constrained\">\n<div class=\"wp-block-columns alignwide are-vertically-aligned-center is-layout-flex wp-container-core-columns-is-layout-28f84493 wp-block-columns-is-layout-flex\">\n<div class=\"wp-block-column is-vertically-aligned-center texto animation--init--once animation--left is-layout-flow wp-block-column-is-layout-flow\">\n<p>In unserem Resort veranstalten wir Dreharbeiten f\u00fcr Werbespots, Fotoshootings f\u00fcr Kataloge oder Zeitschriften, Au\u00dfenaufnahmen f\u00fcr Filme usw.<\/p>\n\n\n\n<p>Die Umgebung, in der sich der Campingplatz mitten in einem Hain und mit dem Mittelmeer im Hintergrund befindet, bietet alle m\u00f6glichen Ecken zum Fotografieren. <\/p>\n\n\n\n<p>Wir haben bereits mit einem Werbeshooting f\u00fcr Bier, Fotos f\u00fcr Models und vielem mehr zusammengearbeitet.<\/p>\n<\/div>\n\n\n\n<div class=\"wp-block-column is-vertically-aligned-center galeria animation--init--once animation--right is-layout-flow wp-block-column-is-layout-flow\" style=\"flex-basis:50%\">\n<figure class=\"wp-block-image size-full\"><img loading=\"lazy\" decoding=\"async\" width=\"1400\" height=\"900\" src=\"https:\/\/campingcalapola.com\/wp-content\/uploads\/servicios-08.jpg\" alt=\"servicios-08\" class=\"wp-image-3306\" srcset=\"https:\/\/campingcalapola.com\/wp-content\/uploads\/\/servicios-08.jpg 1400w, https:\/\/campingcalapola.com\/wp-content\/uploads\/\/servicios-08-1024x658.jpg 1024w, https:\/\/campingcalapola.com\/wp-content\/uploads\/\/servicios-08-768x494.jpg 768w, https:\/\/campingcalapola.com\/wp-content\/uploads\/\/servicios-08-512x329.jpg 512w, https:\/\/campingcalapola.com\/wp-content\/uploads\/\/servicios-08-256x165.jpg 256w\" sizes=\"auto, (max-width: 1400px) 100vw, 1400px\" \/><\/figure>\n<\/div>\n<\/div>\n<\/div>\n\n<p class=\"has-text-align-center\" style=\"margin-bottom:10vh\"><strong>Schreiben Sie uns mit Ihrer Idee an <a href=\"mailto:events@campingcalapola.com\">events@campingcalapola.com<\/a><\/strong><\/p>\n","protected":false},"excerpt":{"rendered":"<p>Andere In unserem Resort veranstalten wir Dreharbeiten f\u00fcr Werbespots, Fotoshootings f\u00fcr Kataloge oder Zeitschriften, Au\u00dfenaufnahmen f\u00fcr Filme usw. Die Umgebung, in der sich der Campingplatz&#8230;<\/p>\n","protected":false},"author":10,"featured_media":0,"parent":5970,"menu_order":4,"comment_status":"closed","ping_status":"closed","template":"","meta":{"_acf_changed":false,"inline_featured_image":false,"footnotes":""},"class_list":["post-5941","page","type-page","status-publish","hentry"],"acf":[],"yoast_head":"<!-- This site is optimized with the Yoast SEO plugin v25.4 - https:\/\/yoast.com\/wordpress\/plugins\/seo\/ -->\n<title>Andere - Cala Pola - Costa Brava (Tossa de Mar)<\/title>\n<meta name=\"description\" content=\"Veranstaltungen. Wir organisieren die ganze Saison \u00fcber Veranstaltungen. Von Konzerten am Strand bis hin zu kleinen Sportturnieren.\" \/>\n<meta name=\"robots\" content=\"index, follow, max-snippet:-1, max-image-preview:large, max-video-preview:-1\" \/>\n<link rel=\"canonical\" href=\"https:\/\/campingcalapola.com\/de\/veranstaltungen-2\/andere\/\" \/>\n<meta property=\"og:locale\" content=\"de_DE\" \/>\n<meta property=\"og:type\" content=\"article\" \/>\n<meta property=\"og:title\" content=\"Andere - Cala Pola - Costa Brava (Tossa de Mar)\" \/>\n<meta property=\"og:description\" content=\"Veranstaltungen. Wir organisieren die ganze Saison \u00fcber Veranstaltungen. Von Konzerten am Strand bis hin zu kleinen Sportturnieren.\" \/>\n<meta property=\"og:url\" content=\"https:\/\/campingcalapola.com\/de\/veranstaltungen-2\/andere\/\" \/>\n<meta property=\"og:site_name\" content=\"Cala Pola\" \/>\n<meta property=\"article:modified_time\" content=\"2025-03-05T14:19:22+00:00\" \/>\n<meta property=\"og:image\" content=\"https:\/\/campingcalapola.com\/wp-content\/uploads\/servicios-08.jpg\" \/>\n<meta name=\"twitter:card\" content=\"summary_large_image\" \/>\n<script type=\"application\/ld+json\" class=\"yoast-schema-graph\">{\"@context\":\"https:\/\/schema.org\",\"@graph\":[{\"@type\":\"WebPage\",\"@id\":\"https:\/\/campingcalapola.com\/de\/veranstaltungen-2\/andere\/\",\"url\":\"https:\/\/campingcalapola.com\/de\/veranstaltungen-2\/andere\/\",\"name\":\"Andere - Cala Pola - Costa Brava (Tossa de Mar)\",\"isPartOf\":{\"@id\":\"https:\/\/campingcalapola.com\/#website\"},\"primaryImageOfPage\":{\"@id\":\"https:\/\/campingcalapola.com\/de\/veranstaltungen-2\/andere\/#primaryimage\"},\"image\":{\"@id\":\"https:\/\/campingcalapola.com\/de\/veranstaltungen-2\/andere\/#primaryimage\"},\"thumbnailUrl\":\"https:\/\/campingcalapola.com\/wp-content\/uploads\/servicios-08.jpg\",\"datePublished\":\"2025-03-05T12:28:36+00:00\",\"dateModified\":\"2025-03-05T14:19:22+00:00\",\"description\":\"Veranstaltungen. Wir organisieren die ganze Saison \u00fcber Veranstaltungen. Von Konzerten am Strand bis hin zu kleinen Sportturnieren.\",\"breadcrumb\":{\"@id\":\"https:\/\/campingcalapola.com\/de\/veranstaltungen-2\/andere\/#breadcrumb\"},\"inLanguage\":\"de\",\"potentialAction\":[{\"@type\":\"ReadAction\",\"target\":[\"https:\/\/campingcalapola.com\/de\/veranstaltungen-2\/andere\/\"]}]},{\"@type\":\"ImageObject\",\"inLanguage\":\"de\",\"@id\":\"https:\/\/campingcalapola.com\/de\/veranstaltungen-2\/andere\/#primaryimage\",\"url\":\"https:\/\/campingcalapola.com\/wp-content\/uploads\/servicios-08.jpg\",\"contentUrl\":\"https:\/\/campingcalapola.com\/wp-content\/uploads\/servicios-08.jpg\"},{\"@type\":\"BreadcrumbList\",\"@id\":\"https:\/\/campingcalapola.com\/de\/veranstaltungen-2\/andere\/#breadcrumb\",\"itemListElement\":[{\"@type\":\"ListItem\",\"position\":1,\"name\":\"Portada\",\"item\":\"https:\/\/campingcalapola.com\/de\/\"},{\"@type\":\"ListItem\",\"position\":2,\"name\":\"Veranstaltungen\",\"item\":\"https:\/\/campingcalapola.com\/de\/veranstaltungen-2\/\"},{\"@type\":\"ListItem\",\"position\":3,\"name\":\"Andere\"}]},{\"@type\":\"WebSite\",\"@id\":\"https:\/\/campingcalapola.com\/#website\",\"url\":\"https:\/\/campingcalapola.com\/\",\"name\":\"Cala Pola\",\"description\":\"100% Costa Brava\",\"publisher\":{\"@id\":\"https:\/\/campingcalapola.com\/#organization\"},\"potentialAction\":[{\"@type\":\"SearchAction\",\"target\":{\"@type\":\"EntryPoint\",\"urlTemplate\":\"https:\/\/campingcalapola.com\/?s={search_term_string}\"},\"query-input\":{\"@type\":\"PropertyValueSpecification\",\"valueRequired\":true,\"valueName\":\"search_term_string\"}}],\"inLanguage\":\"de\"},{\"@type\":\"Organization\",\"@id\":\"https:\/\/campingcalapola.com\/#organization\",\"name\":\"Cala Pola\",\"url\":\"https:\/\/campingcalapola.com\/\",\"logo\":{\"@type\":\"ImageObject\",\"inLanguage\":\"de\",\"@id\":\"https:\/\/campingcalapola.com\/#\/schema\/logo\/image\/\",\"url\":\"https:\/\/campingcalapola.com\/wp-content\/uploads\/logo-cala-pola-h.png\",\"contentUrl\":\"https:\/\/campingcalapola.com\/wp-content\/uploads\/logo-cala-pola-h.png\",\"width\":340,\"height\":120,\"caption\":\"Cala Pola\"},\"image\":{\"@id\":\"https:\/\/campingcalapola.com\/#\/schema\/logo\/image\/\"}}]}<\/script>\n<!-- \/ Yoast SEO plugin. -->","yoast_head_json":{"title":"Andere - Cala Pola - Costa Brava (Tossa de Mar)","description":"Veranstaltungen. Wir organisieren die ganze Saison \u00fcber Veranstaltungen. Von Konzerten am Strand bis hin zu kleinen Sportturnieren.","robots":{"index":"index","follow":"follow","max-snippet":"max-snippet:-1","max-image-preview":"max-image-preview:large","max-video-preview":"max-video-preview:-1"},"canonical":"https:\/\/campingcalapola.com\/de\/veranstaltungen-2\/andere\/","og_locale":"de_DE","og_type":"article","og_title":"Andere - Cala Pola - Costa Brava (Tossa de Mar)","og_description":"Veranstaltungen. Wir organisieren die ganze Saison \u00fcber Veranstaltungen. Von Konzerten am Strand bis hin zu kleinen Sportturnieren.","og_url":"https:\/\/campingcalapola.com\/de\/veranstaltungen-2\/andere\/","og_site_name":"Cala Pola","article_modified_time":"2025-03-05T14:19:22+00:00","og_image":[{"url":"https:\/\/campingcalapola.com\/wp-content\/uploads\/servicios-08.jpg","type":"","width":"","height":""}],"twitter_card":"summary_large_image","schema":{"@context":"https:\/\/schema.org","@graph":[{"@type":"WebPage","@id":"https:\/\/campingcalapola.com\/de\/veranstaltungen-2\/andere\/","url":"https:\/\/campingcalapola.com\/de\/veranstaltungen-2\/andere\/","name":"Andere - Cala Pola - Costa Brava (Tossa de Mar)","isPartOf":{"@id":"https:\/\/campingcalapola.com\/#website"},"primaryImageOfPage":{"@id":"https:\/\/campingcalapola.com\/de\/veranstaltungen-2\/andere\/#primaryimage"},"image":{"@id":"https:\/\/campingcalapola.com\/de\/veranstaltungen-2\/andere\/#primaryimage"},"thumbnailUrl":"https:\/\/campingcalapola.com\/wp-content\/uploads\/servicios-08.jpg","datePublished":"2025-03-05T12:28:36+00:00","dateModified":"2025-03-05T14:19:22+00:00","description":"Veranstaltungen. Wir organisieren die ganze Saison \u00fcber Veranstaltungen. Von Konzerten am Strand bis hin zu kleinen Sportturnieren.","breadcrumb":{"@id":"https:\/\/campingcalapola.com\/de\/veranstaltungen-2\/andere\/#breadcrumb"},"inLanguage":"de","potentialAction":[{"@type":"ReadAction","target":["https:\/\/campingcalapola.com\/de\/veranstaltungen-2\/andere\/"]}]},{"@type":"ImageObject","inLanguage":"de","@id":"https:\/\/campingcalapola.com\/de\/veranstaltungen-2\/andere\/#primaryimage","url":"https:\/\/campingcalapola.com\/wp-content\/uploads\/servicios-08.jpg","contentUrl":"https:\/\/campingcalapola.com\/wp-content\/uploads\/servicios-08.jpg"},{"@type":"BreadcrumbList","@id":"https:\/\/campingcalapola.com\/de\/veranstaltungen-2\/andere\/#breadcrumb","itemListElement":[{"@type":"ListItem","position":1,"name":"Portada","item":"https:\/\/campingcalapola.com\/de\/"},{"@type":"ListItem","position":2,"name":"Veranstaltungen","item":"https:\/\/campingcalapola.com\/de\/veranstaltungen-2\/"},{"@type":"ListItem","position":3,"name":"Andere"}]},{"@type":"WebSite","@id":"https:\/\/campingcalapola.com\/#website","url":"https:\/\/campingcalapola.com\/","name":"Cala Pola","description":"100% Costa Brava","publisher":{"@id":"https:\/\/campingcalapola.com\/#organization"},"potentialAction":[{"@type":"SearchAction","target":{"@type":"EntryPoint","urlTemplate":"https:\/\/campingcalapola.com\/?s={search_term_string}"},"query-input":{"@type":"PropertyValueSpecification","valueRequired":true,"valueName":"search_term_string"}}],"inLanguage":"de"},{"@type":"Organization","@id":"https:\/\/campingcalapola.com\/#organization","name":"Cala Pola","url":"https:\/\/campingcalapola.com\/","logo":{"@type":"ImageObject","inLanguage":"de","@id":"https:\/\/campingcalapola.com\/#\/schema\/logo\/image\/","url":"https:\/\/campingcalapola.com\/wp-content\/uploads\/logo-cala-pola-h.png","contentUrl":"https:\/\/campingcalapola.com\/wp-content\/uploads\/logo-cala-pola-h.png","width":340,"height":120,"caption":"Cala Pola"},"image":{"@id":"https:\/\/campingcalapola.com\/#\/schema\/logo\/image\/"}}]}},"_links":{"self":[{"href":"https:\/\/campingcalapola.com\/de\/wp-json\/wp\/v2\/pages\/5941","targetHints":{"allow":["GET"]}}],"collection":[{"href":"https:\/\/campingcalapola.com\/de\/wp-json\/wp\/v2\/pages"}],"about":[{"href":"https:\/\/campingcalapola.com\/de\/wp-json\/wp\/v2\/types\/page"}],"author":[{"embeddable":true,"href":"https:\/\/campingcalapola.com\/de\/wp-json\/wp\/v2\/users\/10"}],"replies":[{"embeddable":true,"href":"https:\/\/campingcalapola.com\/de\/wp-json\/wp\/v2\/comments?post=5941"}],"version-history":[{"count":1,"href":"https:\/\/campingcalapola.com\/de\/wp-json\/wp\/v2\/pages\/5941\/revisions"}],"predecessor-version":[{"id":5942,"href":"https:\/\/campingcalapola.com\/de\/wp-json\/wp\/v2\/pages\/5941\/revisions\/5942"}],"up":[{"embeddable":true,"href":"https:\/\/campingcalapola.com\/de\/wp-json\/wp\/v2\/pages\/5970"}],"wp:attachment":[{"href":"https:\/\/campingcalapola.com\/de\/wp-json\/wp\/v2\/media?parent=5941"}],"curies":[{"name":"wp","href":"https:\/\/api.w.org\/{rel}","templated":true}]}}