{"id":4540,"date":"2024-10-04T10:14:31","date_gmt":"2024-10-04T08:14:31","guid":{"rendered":"https:\/\/campingcalapola.com\/?page_id=4540"},"modified":"2026-02-13T15:19:03","modified_gmt":"2026-02-13T14:19:03","slug":"jobboerse","status":"publish","type":"page","link":"https:\/\/campingcalapola.com\/de\/jobboerse\/","title":{"rendered":"Jobb\u00f6rse"},"content":{"rendered":"<h1 class=\"has-text-align-center olas-sub bloque-intro wp-block-post-title\">Jobb\u00f6rse<\/h1>\n\n\n<h2 class=\"wp-block-heading has-text-align-center\">Werden Sie Teil unseres Teams!<\/h2>\n\n\n\n<div class=\"wp-block-group formulario-web is-layout-constrained wp-block-group-is-layout-constrained\" style=\"margin-bottom:2rem\"><\/div>\n\n\n\n<div class=\"wp-block-media-text is-stacked-on-mobile\"><figure class=\"wp-block-media-text__media\"><a href=\"https:\/\/campingcalapola.factorial.es\/\"><img loading=\"lazy\" decoding=\"async\" width=\"1280\" height=\"850\" src=\"https:\/\/campingcalapola.com\/wp-content\/uploads\/boies-cala-pola-1.jpeg\" alt=\"\" class=\"wp-image-6093 size-full\" srcset=\"https:\/\/campingcalapola.com\/wp-content\/uploads\/boies-cala-pola-1.jpeg 1280w, https:\/\/campingcalapola.com\/wp-content\/uploads\/boies-cala-pola-1-1024x680.jpeg 1024w, https:\/\/campingcalapola.com\/wp-content\/uploads\/boies-cala-pola-1-768x510.jpeg 768w, https:\/\/campingcalapola.com\/wp-content\/uploads\/boies-cala-pola-1-512x340.jpeg 512w, https:\/\/campingcalapola.com\/wp-content\/uploads\/boies-cala-pola-1-256x170.jpeg 256w\" sizes=\"auto, (max-width: 1280px) 100vw, 1280px\" \/><\/a><\/figure><div class=\"wp-block-media-text__content\">\n<p>Im <strong>Camping Cala Pola<\/strong> suchen wir leidenschaftliche und engagierte Menschen, die Teil unseres Teams werden m\u00f6chten. Wenn du in einem wachsenden Unternehmen arbeiten, dein Wissen im Tourismus erweitern und neue Kompetenzen erwerben m\u00f6chtest, ist das deine Chance.<\/p>\n\n\n\n<p>Wir bieten dir ein privilegiertes Arbeitsumfeld, gute Arbeitsbedingungen und wir entdecken gerne neue Talente. Wenn du glaubst, dass du zu den Profilen passt, die wir suchen, und gerne im Team arbeitest, sind wir das Unternehmen, das du gesucht hast.<\/p>\n\n\n\n<p>Wir freuen uns darauf, dich willkommen zu hei\u00dfen und dir eine einzigartige Erfahrung in einer au\u00dfergew\u00f6hnlichen Umgebung zu bieten!<\/p>\n\n\n\n<div class=\"wp-block-buttons is-content-justification-center is-layout-flex wp-container-core-buttons-is-layout-a89b3969 wp-block-buttons-is-layout-flex\">\n<div class=\"wp-block-button\"><a class=\"wp-block-button__link wp-element-button\" href=\"https:\/\/campingcalapola.factorial.es\/\">Bewerbung<\/a><\/div>\n<\/div>\n<\/div><\/div>\n\n\n\n<p><\/p>\n","protected":false},"excerpt":{"rendered":"<p>Werden Sie Teil unseres Teams!<\/p>\n","protected":false},"author":2,"featured_media":0,"parent":0,"menu_order":18,"comment_status":"closed","ping_status":"closed","template":"","meta":{"_acf_changed":false,"inline_featured_image":false,"footnotes":""},"class_list":["post-4540","page","type-page","status-publish","hentry"],"acf":[],"yoast_head":"<!-- This site is optimized with the Yoast SEO plugin v25.4 - https:\/\/yoast.com\/wordpress\/plugins\/seo\/ -->\n<title>Jobb\u00f6rse - Cala Pola<\/title>\n<meta name=\"description\" content=\"Werden Sie Teil unseres Teams! Im Camping Cala Pola suchen wir leidenschaftliche und engagierte Menschen, die Teil unseres Teams werden m\u00f6chten. Wenn du\" \/>\n<meta name=\"robots\" content=\"index, follow, max-snippet:-1, max-image-preview:large, max-video-preview:-1\" \/>\n<link rel=\"canonical\" href=\"https:\/\/campingcalapola.com\/de\/jobboerse\/\" \/>\n<meta property=\"og:locale\" content=\"de_DE\" \/>\n<meta property=\"og:type\" content=\"article\" \/>\n<meta property=\"og:title\" content=\"Jobb\u00f6rse - Cala Pola\" \/>\n<meta property=\"og:description\" content=\"Werden Sie Teil unseres Teams! Im Camping Cala Pola suchen wir leidenschaftliche und engagierte Menschen, die Teil unseres Teams werden m\u00f6chten. Wenn du\" \/>\n<meta property=\"og:url\" content=\"https:\/\/campingcalapola.com\/de\/jobboerse\/\" \/>\n<meta property=\"og:site_name\" content=\"Cala Pola\" \/>\n<meta property=\"article:modified_time\" content=\"2026-02-13T14:19:03+00:00\" \/>\n<meta property=\"og:image\" content=\"https:\/\/campingcalapola.com\/wp-content\/uploads\/boies-cala-pola-1.jpeg\" \/>\n\t<meta property=\"og:image:width\" content=\"1280\" \/>\n\t<meta property=\"og:image:height\" content=\"850\" \/>\n\t<meta property=\"og:image:type\" content=\"image\/jpeg\" \/>\n<meta name=\"twitter:card\" content=\"summary_large_image\" \/>\n<meta name=\"twitter:label1\" content=\"Gesch\u00e4tzte Lesezeit\" \/>\n\t<meta name=\"twitter:data1\" content=\"1\u00a0Minute\" \/>\n<script type=\"application\/ld+json\" class=\"yoast-schema-graph\">{\"@context\":\"https:\/\/schema.org\",\"@graph\":[{\"@type\":\"WebPage\",\"@id\":\"https:\/\/campingcalapola.com\/de\/jobboerse\/\",\"url\":\"https:\/\/campingcalapola.com\/de\/jobboerse\/\",\"name\":\"Jobb\u00f6rse - Cala Pola\",\"isPartOf\":{\"@id\":\"https:\/\/campingcalapola.com\/#website\"},\"primaryImageOfPage\":{\"@id\":\"https:\/\/campingcalapola.com\/de\/jobboerse\/#primaryimage\"},\"image\":{\"@id\":\"https:\/\/campingcalapola.com\/de\/jobboerse\/#primaryimage\"},\"thumbnailUrl\":\"https:\/\/campingcalapola.com\/wp-content\/uploads\/boies-cala-pola-1.jpeg\",\"datePublished\":\"2024-10-04T08:14:31+00:00\",\"dateModified\":\"2026-02-13T14:19:03+00:00\",\"description\":\"Werden Sie Teil unseres Teams! Im Camping Cala Pola suchen wir leidenschaftliche und engagierte Menschen, die Teil unseres Teams werden m\u00f6chten. Wenn du\",\"breadcrumb\":{\"@id\":\"https:\/\/campingcalapola.com\/de\/jobboerse\/#breadcrumb\"},\"inLanguage\":\"de\",\"potentialAction\":[{\"@type\":\"ReadAction\",\"target\":[\"https:\/\/campingcalapola.com\/de\/jobboerse\/\"]}]},{\"@type\":\"ImageObject\",\"inLanguage\":\"de\",\"@id\":\"https:\/\/campingcalapola.com\/de\/jobboerse\/#primaryimage\",\"url\":\"https:\/\/campingcalapola.com\/wp-content\/uploads\/boies-cala-pola-1.jpeg\",\"contentUrl\":\"https:\/\/campingcalapola.com\/wp-content\/uploads\/boies-cala-pola-1.jpeg\"},{\"@type\":\"BreadcrumbList\",\"@id\":\"https:\/\/campingcalapola.com\/de\/jobboerse\/#breadcrumb\",\"itemListElement\":[{\"@type\":\"ListItem\",\"position\":1,\"name\":\"Portada\",\"item\":\"https:\/\/campingcalapola.com\/de\/\"},{\"@type\":\"ListItem\",\"position\":2,\"name\":\"Jobb\u00f6rse\"}]},{\"@type\":\"WebSite\",\"@id\":\"https:\/\/campingcalapola.com\/#website\",\"url\":\"https:\/\/campingcalapola.com\/\",\"name\":\"Cala Pola\",\"description\":\"100% Costa Brava\",\"publisher\":{\"@id\":\"https:\/\/campingcalapola.com\/#organization\"},\"potentialAction\":[{\"@type\":\"SearchAction\",\"target\":{\"@type\":\"EntryPoint\",\"urlTemplate\":\"https:\/\/campingcalapola.com\/?s={search_term_string}\"},\"query-input\":{\"@type\":\"PropertyValueSpecification\",\"valueRequired\":true,\"valueName\":\"search_term_string\"}}],\"inLanguage\":\"de\"},{\"@type\":\"Organization\",\"@id\":\"https:\/\/campingcalapola.com\/#organization\",\"name\":\"Cala Pola\",\"url\":\"https:\/\/campingcalapola.com\/\",\"logo\":{\"@type\":\"ImageObject\",\"inLanguage\":\"de\",\"@id\":\"https:\/\/campingcalapola.com\/#\/schema\/logo\/image\/\",\"url\":\"https:\/\/campingcalapola.com\/wp-content\/uploads\/logo-cala-pola-h.png\",\"contentUrl\":\"https:\/\/campingcalapola.com\/wp-content\/uploads\/logo-cala-pola-h.png\",\"width\":340,\"height\":120,\"caption\":\"Cala Pola\"},\"image\":{\"@id\":\"https:\/\/campingcalapola.com\/#\/schema\/logo\/image\/\"}}]}<\/script>\n<!-- \/ Yoast SEO plugin. -->","yoast_head_json":{"title":"Jobb\u00f6rse - Cala Pola","description":"Werden Sie Teil unseres Teams! Im Camping Cala Pola suchen wir leidenschaftliche und engagierte Menschen, die Teil unseres Teams werden m\u00f6chten. Wenn du","robots":{"index":"index","follow":"follow","max-snippet":"max-snippet:-1","max-image-preview":"max-image-preview:large","max-video-preview":"max-video-preview:-1"},"canonical":"https:\/\/campingcalapola.com\/de\/jobboerse\/","og_locale":"de_DE","og_type":"article","og_title":"Jobb\u00f6rse - Cala Pola","og_description":"Werden Sie Teil unseres Teams! Im Camping Cala Pola suchen wir leidenschaftliche und engagierte Menschen, die Teil unseres Teams werden m\u00f6chten. Wenn du","og_url":"https:\/\/campingcalapola.com\/de\/jobboerse\/","og_site_name":"Cala Pola","article_modified_time":"2026-02-13T14:19:03+00:00","og_image":[{"width":1280,"height":850,"url":"https:\/\/campingcalapola.com\/wp-content\/uploads\/boies-cala-pola-1.jpeg","type":"image\/jpeg"}],"twitter_card":"summary_large_image","twitter_misc":{"Gesch\u00e4tzte Lesezeit":"1\u00a0Minute"},"schema":{"@context":"https:\/\/schema.org","@graph":[{"@type":"WebPage","@id":"https:\/\/campingcalapola.com\/de\/jobboerse\/","url":"https:\/\/campingcalapola.com\/de\/jobboerse\/","name":"Jobb\u00f6rse - Cala Pola","isPartOf":{"@id":"https:\/\/campingcalapola.com\/#website"},"primaryImageOfPage":{"@id":"https:\/\/campingcalapola.com\/de\/jobboerse\/#primaryimage"},"image":{"@id":"https:\/\/campingcalapola.com\/de\/jobboerse\/#primaryimage"},"thumbnailUrl":"https:\/\/campingcalapola.com\/wp-content\/uploads\/boies-cala-pola-1.jpeg","datePublished":"2024-10-04T08:14:31+00:00","dateModified":"2026-02-13T14:19:03+00:00","description":"Werden Sie Teil unseres Teams! Im Camping Cala Pola suchen wir leidenschaftliche und engagierte Menschen, die Teil unseres Teams werden m\u00f6chten. Wenn du","breadcrumb":{"@id":"https:\/\/campingcalapola.com\/de\/jobboerse\/#breadcrumb"},"inLanguage":"de","potentialAction":[{"@type":"ReadAction","target":["https:\/\/campingcalapola.com\/de\/jobboerse\/"]}]},{"@type":"ImageObject","inLanguage":"de","@id":"https:\/\/campingcalapola.com\/de\/jobboerse\/#primaryimage","url":"https:\/\/campingcalapola.com\/wp-content\/uploads\/boies-cala-pola-1.jpeg","contentUrl":"https:\/\/campingcalapola.com\/wp-content\/uploads\/boies-cala-pola-1.jpeg"},{"@type":"BreadcrumbList","@id":"https:\/\/campingcalapola.com\/de\/jobboerse\/#breadcrumb","itemListElement":[{"@type":"ListItem","position":1,"name":"Portada","item":"https:\/\/campingcalapola.com\/de\/"},{"@type":"ListItem","position":2,"name":"Jobb\u00f6rse"}]},{"@type":"WebSite","@id":"https:\/\/campingcalapola.com\/#website","url":"https:\/\/campingcalapola.com\/","name":"Cala Pola","description":"100% Costa Brava","publisher":{"@id":"https:\/\/campingcalapola.com\/#organization"},"potentialAction":[{"@type":"SearchAction","target":{"@type":"EntryPoint","urlTemplate":"https:\/\/campingcalapola.com\/?s={search_term_string}"},"query-input":{"@type":"PropertyValueSpecification","valueRequired":true,"valueName":"search_term_string"}}],"inLanguage":"de"},{"@type":"Organization","@id":"https:\/\/campingcalapola.com\/#organization","name":"Cala Pola","url":"https:\/\/campingcalapola.com\/","logo":{"@type":"ImageObject","inLanguage":"de","@id":"https:\/\/campingcalapola.com\/#\/schema\/logo\/image\/","url":"https:\/\/campingcalapola.com\/wp-content\/uploads\/logo-cala-pola-h.png","contentUrl":"https:\/\/campingcalapola.com\/wp-content\/uploads\/logo-cala-pola-h.png","width":340,"height":120,"caption":"Cala Pola"},"image":{"@id":"https:\/\/campingcalapola.com\/#\/schema\/logo\/image\/"}}]}},"_links":{"self":[{"href":"https:\/\/campingcalapola.com\/de\/wp-json\/wp\/v2\/pages\/4540","targetHints":{"allow":["GET"]}}],"collection":[{"href":"https:\/\/campingcalapola.com\/de\/wp-json\/wp\/v2\/pages"}],"about":[{"href":"https:\/\/campingcalapola.com\/de\/wp-json\/wp\/v2\/types\/page"}],"author":[{"embeddable":true,"href":"https:\/\/campingcalapola.com\/de\/wp-json\/wp\/v2\/users\/2"}],"replies":[{"embeddable":true,"href":"https:\/\/campingcalapola.com\/de\/wp-json\/wp\/v2\/comments?post=4540"}],"version-history":[{"count":11,"href":"https:\/\/campingcalapola.com\/de\/wp-json\/wp\/v2\/pages\/4540\/revisions"}],"predecessor-version":[{"id":6973,"href":"https:\/\/campingcalapola.com\/de\/wp-json\/wp\/v2\/pages\/4540\/revisions\/6973"}],"wp:attachment":[{"href":"https:\/\/campingcalapola.com\/de\/wp-json\/wp\/v2\/media?parent=4540"}],"curies":[{"name":"wp","href":"https:\/\/api.w.org\/{rel}","templated":true}]}}