{"id":3243,"date":"2024-02-27T09:22:48","date_gmt":"2024-02-27T08:22:48","guid":{"rendered":"https:\/\/campingcalapola.com\/reglamento-y-normas-de-orden-interior\/"},"modified":"2025-07-22T12:30:41","modified_gmt":"2025-07-22T10:30:41","slug":"vorschriften-und-regeln-zur-inneren-ordnung","status":"publish","type":"page","link":"https:\/\/campingcalapola.com\/de\/vorschriften-und-regeln-zur-inneren-ordnung\/","title":{"rendered":"Vorschriften und Regeln zur Inneren Ordnung"},"content":{"rendered":"\n<div class=\"wp-block-group bloque-intro is-layout-constrained wp-block-group-is-layout-constrained\">\n<div class=\"wp-block-columns is-layout-flex wp-container-core-columns-is-layout-28f84493 wp-block-columns-is-layout-flex\">\n<div class=\"wp-block-column is-layout-flow wp-block-column-is-layout-flow\">\n<h1 class=\"wp-block-heading has-text-align-center olas-sub animation--init--once animation--bottom\">Vorschriften und Regeln zur Inneren Ordnung<\/h1>\n<\/div>\n<\/div>\n<\/div>\n\n\n\n<div class=\"wp-block-group bloque-medio texto-legal is-layout-constrained wp-block-group-is-layout-constrained\" style=\"margin-bottom:60px\">\n<div class=\"wp-block-columns is-layout-flex wp-container-core-columns-is-layout-28f84493 wp-block-columns-is-layout-flex\">\n<div class=\"wp-block-column is-layout-flow wp-block-column-is-layout-flow\">\n<ol class=\"wp-block-list\">\n<li>Der Zutritt zum Campingplatz ist den Campern vorbehalten. Andere Personen haben an der Rezeption den Einlass zu beantragen. Die Campingdirektion beh\u00e4lt sich das Aufnahmerecht vor und wird, wenn n\u00f6tig, die Camper vom Platz verweisen, die den Frieden und die Harmonie der anderen durch ihr Verhalten st\u00f6ren oder die Regeln des Zusammenlebens nicht beachten, die in der offiziellen Campingordnung der F.N.C.E. sowie in unserer internen Campingordnung niedergelegt sind.<\/li>\n\n\n\n<li>Jeder Camper hat sich bei seiner Ankunft den Einschreibeformalit\u00e4ten zu unterziehen und ist verpflichtet, alle Personen und Objekte, die der Zahlung unterliegen, anzugeben. Ein Nichtbeachten dieser Norm kann zum Verweis vom Campingplatz f\u00fchren. Auf Verlangen jedes Angestellten m\u00fcssen die bei der Ankunft ausgeh\u00e4ndigten Aufnahmepapiere vorgezeigt werden. Die Rechnung kann per Kreditkarte oder in bar sp\u00e4testens bei der Ankunft auf dem Campingplatz oder im Voraus per Bank\u00fcberweisung oder Kreditkarte bezahlt werden.<\/li>\n\n\n\n<li>Um das unbefugte Betreten des Campingplatzes durch nicht angemeldete Personen zu verhindern und die Sicherheit f\u00fcr unsere G\u00e4ste zu gew\u00e4hrleisten, wird im Moment der Ankunft ein Identifikationsband an jede angemeldete Person ausgeh\u00e4ndigt. Unsere Kunden sind verpflichtet, das Armband vom Tag ihrer Anreise bis zum Tag ihrer Abreise zu tragen. Im Falle einer Verweigerung, beh\u00e4lt sich die Direktion vor, den Vertrag zwischen dem Kunden und dem Campingplatz aufzuheben.<br>Sollte das Armband einmal kaputt gehen, k\u00f6nnen Sie dieses im Tausch gegen das Alte wechseln. Im Falle eines Verlustes behalten wir uns das Recht ein, eine Geb\u00fchr von 20\u20ac zu erheben, um ein Neues zu erstatten. Desweitern m\u00fcssen in diesem Fall die Aufnahmepapiere vorgezeigt werden.<\/li>\n\n\n\n<li>Jugendlichen unter 18 Jahren wird der Zutritt nur in Begleitung eines Erwachsenen genehmigt, der f\u00fcr sie die Verantwortung \u00fcbernimmt. Bei nicht Beachtung der Normen haften Eltern oder Begleitpersonen der Minderj\u00e4hrigen f\u00fcr die verursachten Sch\u00e4den.<\/li>\n\n\n\n<li>Der Stellplatz wird bei Ankunft auf dem Campingplatz zugeordnet. Das Auto ist auf dem eigenen Stellplatz abzustellen, Nachbarpl\u00e4tze sind freizuhalten f\u00fcr andere ankommenden G\u00e4ste. Maximal auf einem Stellplatz ist ein Auto + Caravan\/Zelt und 6 Personen (inklusiven Kindern und Babys) erlaubt. Kleine Anh\u00e4nger bis zu einer L\u00e4nge von 2,50 m k\u00f6nnen auf demselben Stellplatz geparkt werden, l\u00e4ngere Anh\u00e4nger sind auf dem Parkplatz am Eingang gegen Aufpreis abzustellen.<\/li>\n\n\n\n<li>Die Direktion beh\u00e4lt sich das Recht vor, G\u00e4sten, deren Elektroinstallationen nicht einwandfrei funktionieren, den Elektroanschluss zu verweigern. N\u00f6tiges Zubeh\u00f6rmaterial ist im Supermarkt zu erhalten. Nur der von uns beauftragte Elektriker ist befugt, evtl. Reparaturen durchzuf\u00fchren.<\/li>\n\n\n\n<li>Haustiere sind auf dem Campingplatz nicht erlaubt, mit Ausnahme von Hunden, die in den speziell f\u00fcr sie vorgesehenen Bereichen untergebracht werden k\u00f6nnen.<\/li>\n\n\n\n<li>Hunde: Hunde sind ausschlie\u00dflich auf den Plus-Hundepl\u00e4tzen mit den Nummern 1 bis 31 und in den Xaloc-Bungalows erlaubt.<\/li>\n\n\n\n<li>Es wird gebeten, die Lautst\u00e4rke der Fernseher, Radios und Sonstige Musikger\u00e4te innerhalb ertr\u00e4glicher Grenzen zu halten. Ihr Gebrauch auf den Terrassen, am Schwimmbad und Sanit\u00e4ranlagen ist untersagt.<\/li>\n\n\n\n<li><strong><\/strong>Der Parkplatz am Eingang ist ausschlie\u00dflich den Kunden vorbehalten oder im Falle einer Anreise nach 24 Uhr und den Kunden des Supermarkts usw. Auch dient er den Campingg\u00e4sten, die die Aufnahmeformalit\u00e4ten in der Rezeption erledigen. Dieser Parkplatz darf nicht benutzt werden bei der Abreise, d.h. nach Zahlung des Aufenthaltes m\u00fcssen der Campingplatz und Parkplatz verlassen werden. Die Zweitwagen unserer Kunden k\u00f6nnen auf dem Parkplatz auf der gegen\u00fcberliegenden Stra\u00dfenseite geparkt werden.<\/li>\n\n\n\n<li>Aus gesetzlichen und Sicherheitsgr\u00fcnden ist es verboten, auf dem Campingplatz, am Strand oder in der Umgebung Feuer zu machen. Erlaubt sind nur Gas- oder Elektrogrills, die nur innerhalb des Stellplatzes oder auf der Terrasse des Bungalows verwendet werden d\u00fcrfen. Holz- oder Kohlegrills sind absolut verboten. <\/li>\n\n\n\n<li>Am Tag der Abreise m\u00fcssen die Camper ihren Stellplatz vor 12.00 Uhr verlassen. Im Falle der Bungalows erfolgt die Abreise vor 10.00 Uhr, nach vorheriger Kontrolle durch unser Personal. Beide Unterk\u00fcnfte m\u00fcssen in einwandfreiem Zustand hinterlassen werden. Bei sp\u00e4terer Abreise muss ein weiterer Tag Aufenthalt bezahlt werden.&nbsp;<\/li>\n\n\n\n<li>Am Abreisetag muss der Stellplatz vor 12 Uhr mittags (vor 10 Uhr morgens bei Bungalows) ger\u00e4umt und in perfektem Zustand hinterlassen werden. Bei sp\u00e4terer Abreise wird ein weiterer Tag in Rechnung gestellt.<\/li>\n\n\n\n<li>&nbsp;Gehen Sie sorgsam mit unseren Sanit\u00e4ranlagen um und halten Sie diese sauber. Kinder unter 6 Jahren sind von den Eltern zu begleiten.&nbsp;&nbsp;&nbsp;&nbsp;&nbsp;&nbsp;&nbsp;&nbsp;&nbsp;&nbsp;<\/li>\n\n\n\n<li>Zum Schutz der Pflanzen und B\u00e4ume wird gebeten, kein Schmutzwasser auszusch\u00fctten oder W\u00e4scheleinen an den B\u00e4umen zu befestigen. Die Benutzung eines Auffangbeh\u00e4lters von Schmutzwasser unter dem Wohnwagen ist Vorschrift, und dessen Inhalt darf nur im Ausguss des Chemie-WCs entleert werden.<\/li>\n\n\n\n<li>Auf dem ganzen Campingplatz gibt es Zapfstellen f\u00fcr Trinkwasser. Diese d\u00fcrfen nur f\u00fcr die Wasserentnahme benutzt werden. Wir bitten unsere Kunden sparsam mit dem Wasser umzugehen. Die Autow\u00e4sche und die Reinigung von Surfutensilien und Ger\u00e4ten darf nur auf dem f\u00fcr diesen Zweck vorgesehenen Platz durchgef\u00fchrt werden. Die Benutzer werden gebeten, die Anlagen in sauberem Zustand zu hinterlassen.<\/li>\n\n\n\n<li>Abf\u00e4lle sind, in die \u00fcber das Gel\u00e4nde verteilten, daf\u00fcr vorgesehenen Abfallbeh\u00e4lter zu deponieren. Damit wird zur Sauberhaltung der Anlage beigetragen.<\/li>\n\n\n\n<li>Wertgegenst\u00e4nde k\u00f6nnen in den an der Rezeption zu mietenden Schlie\u00dff\u00e4chern deponiert werden. Jeder Camper tr\u00e4gt allein die Verantwortung f\u00fcr sein Eigentum (Autos, Wohnwagen, Zelte, Fahrr\u00e4der usw.). Der Campingplatz haftet nicht f\u00fcr eventuelle Diebst\u00e4hle oder Sch\u00e4den.<\/li>\n\n\n\n<li>Zelte und Wohnwagen: Es ist nicht erlaubt, diese leer stehen zu lassen, es sei denn in Ausnahmef\u00e4llen nach vorheriger Absprache mit der Direktion. Bei Nichteinhaltung dieser Vorschrift werden Zelt oder Wohnwagen ohne Ank\u00fcndigung vom Platz ger\u00e4umt.<\/li>\n\n\n\n<li>Die \u00d6ffnungszeiten unserer Serviceeinrichtungen sind Saison abh\u00e4ngig und k\u00f6nnen durch gegebene Umst\u00e4nde variieren. Unsere Kunden werden bei Ankunft dar\u00fcber informiert.<\/li>\n\n\n\n<li>Ruhe und \u00d6ffnungszeit: Zwischen 24 und 7 Uhr ist absolute Ruhe geboten. W\u00e4hrend dieser Zeit ist das Fahren mit Auto oder Motorrad auf dem Gel\u00e4nde verboten. Die Schranke bleibt geschlossen sowohl f\u00fcr Ankunft als auch Abfahrt, Ausnahme nur bei akuten Krankheitsf\u00e4llen (Unfall und Krankenwagen).<br>N\u00e4chtliche Ankunft: Bei Ankunft zwischen 24 und 7 Uhr ist f\u00fcr Autos und Wohnwagen der Parkplatz am Eingang unter Zugrundelegung des errichteten Tarifs zu benutzen. Elektroanschl\u00fcsse stehen zur Verf\u00fcgung.<br>N\u00e4chtliche Abfahrt: G\u00e4ste, die vor der offiziellen \u00d6ffnungszeit (7 Uhr) abreisen m\u00f6chten, m\u00fcssen dies der Rezeption mitteilen, damit diese der Nachtwache Bescheid geben kann.&nbsp; In diesen F\u00e4llen m\u00fcssen Autos und Wohnwagen \/ Wohnmobile die letzte \u00dcbernachtung auf dem Parkplatz stationiert werden und die Rechnung muss im Voraus beglichen werden.<\/li>\n\n\n\n<li>Die Stellpl\u00e4tze sind nummeriert und werden zugeordnet. \u00c4nderungen sind ohne vorherige Genehmigung der Rezeption nicht zul\u00e4ssig.<\/li>\n\n\n\n<li>Besuch: Der Zutritt des Campinggel\u00e4ndes f\u00fcr Besucher ohne Genehmigung ist ausdr\u00fccklich untersagt. Personen, die Familienangeh\u00f6rige oder Freunde besuchen wollen, m\u00fcssen sich an die Rezeption wenden, wo sie \u00fcber die Aufnahmebedingungen informiert werden. Wird dem Besucher der Zutritt genehmigt, \u00fcbernimmt der Besuchte die Verantwortung f\u00fcr diesen.<\/li>\n\n\n\n<li>Nutzung des Schifffahrtskanals und Sicherheitsvorschriften im Bereich der Bootanlegestellen.<br>In Erf\u00fcllung der Verordnung der Stadtverwaltung von Tossa de Mar (BOP-2020_0_28_820) werden die folgenden verbindlichen Vorschriften f\u00fcr die Nutzung von Booten und das Baden in gekennzeichneten Bereichen festgelegt:<br><strong>Zugelassene Boote:<br><\/strong>Boote d\u00fcrfen nur die ordnungsgem\u00e4\u00df gekennzeichneten Ausfahrten zum Meer benutzen, wie beispielsweise den vom Stadtrat von Tossa de Mar genehmigten Schifffahrtskanal CA-10.<br>Das Befahren des mit Bojen abgegrenzten Badebereichs ist verboten, au\u00dfer in den f\u00fcr Boote freigegebenen Kan\u00e4len.<br><strong>Badeverbot:<\/strong><br>Das Baden in den f\u00fcr die Schifffahrt vorgesehenen Bereichen, insbesondere im Schifffahrtskanal CA-10, ist aus Gr\u00fcnden der Sicherheit auf See strengstens verboten.<br>Das Baden in diesen Bereichen stellt sowohl f\u00fcr Badende als auch f\u00fcr Bootsfahrer eine ernsthafte Gefahr dar und kann zu Verwaltungsstrafen f\u00fchren.<br><strong>Verbot des Springens vom Steg:<\/strong><br>Das Springen vom Steg ins Wasser ist aufgrund der Kollisionsgefahr mit Booten und der m\u00f6glicherweise geringen Wassertiefe, die zu schweren Verletzungen f\u00fchren kann, nicht gestattet.<br>Diese Verbote sind durch gut sichtbare Schilder in mehreren Sprachen und mit eindeutigen Symbolen gekennzeichnet, um sicherzustellen, dass sie von allen Nutzern verstanden werden.<br>Die Nichteinhaltung einer dieser Vorschriften stellt einen schwerwiegenden Versto\u00df dar, der zur sofortigen Verweisung aus dem Gel\u00e4nde ohne Anspruch auf R\u00fcckerstattung f\u00fchren kann und gegebenenfalls den zust\u00e4ndigen Beh\u00f6rden gemeldet wird.<\/li>\n\n\n\n<li>Kitesurf und Boote: Es ist Pflicht, die gekennzeichneten Durchg\u00e4nge zu benutzen, um aufs Meer zu fahren. Es ist untersagt, n\u00e4her als 200 Meter vom Strand zu navigieren, ausgenommen an den gekennzeichneten Ein- und Ausfahrten. Die Kunden k\u00f6nnen an der Rezeption die Verhaltensregeln f\u00fcr die Aus\u00fcbung von Kitesurfen beantragen. Das Abstellen von ihnen auf Wegen, Stra\u00dfen, fremden Stellpl\u00e4tzen, der Liegewiese etc. ist untersagt. Ferner darf an den Ein- und Ausfahrten nicht gebadet werden<\/li>\n\n\n\n<li>Schwimmbad und Terrasse: Die Regeln zur Benutzung des Schwimmbads und der Terrasse (Verhalten und \u00d6ffnungszeit) ist strikt einzuhalten. Bei Nichtbefolgung wird die Direktion eingreifen. Kinder unter 10 Jahren sind von Erwachsenen zu begleiten, die die Verantwortung f\u00fcr sie \u00fcbernehmen.<\/li>\n\n\n\n<li>Bei Nichteinhaltung einer dieser Regeln wird die Direktion die entsprechende Person und ihre Begleitpersonen oder Verantwortlichen auffordern, den Campingplatz innerhalb k\u00fcrzester Zeit zu verlassen.<\/li>\n<\/ol>\n\n\n\n<p>Wir danken f\u00fcr Ihr Verst\u00e4ndnis und die Befolgung dieser Regeln, mit denen wir f\u00fcr Ihr Wohlbefinden w\u00e4hrend Ihres Aufenthalts bei uns beitragen m\u00f6chten.<\/p>\n\n\n\n<p>                                                                                                                                                                                                       DIE DIREKTION<\/p>\n<\/div>\n<\/div>\n<\/div>\n","protected":false},"excerpt":{"rendered":"<p>Vorschriften und Regeln zur Inneren Ordnung Wir danken f\u00fcr Ihr Verst\u00e4ndnis und die Befolgung dieser Regeln, mit denen wir f\u00fcr Ihr Wohlbefinden w\u00e4hrend Ihres Aufenthalts&#8230;<\/p>\n","protected":false},"author":2,"featured_media":0,"parent":0,"menu_order":15,"comment_status":"closed","ping_status":"open","template":"","meta":{"_acf_changed":false,"inline_featured_image":false,"footnotes":""},"class_list":["post-3243","page","type-page","status-publish","hentry"],"acf":[],"yoast_head":"<!-- This site is optimized with the Yoast SEO plugin v25.4 - https:\/\/yoast.com\/wordpress\/plugins\/seo\/ -->\n<title>Vorschriften und Regeln zur Inneren Ordnung - Cala Pola - Costa Brava<\/title>\n<meta name=\"description\" content=\"Vorschriften und Regeln zur Inneren Ordnung des Camping Cala Pola. Wir danken f\u00fcr Ihr Verst\u00e4ndnis und die Befolgung dieser Regeln.\" \/>\n<meta name=\"robots\" content=\"index, follow, max-snippet:-1, max-image-preview:large, max-video-preview:-1\" \/>\n<link rel=\"canonical\" href=\"https:\/\/campingcalapola.com\/de\/vorschriften-und-regeln-zur-inneren-ordnung\/\" \/>\n<meta property=\"og:locale\" content=\"de_DE\" \/>\n<meta property=\"og:type\" content=\"article\" \/>\n<meta property=\"og:title\" content=\"Vorschriften und Regeln zur Inneren Ordnung - Cala Pola - Costa Brava\" \/>\n<meta property=\"og:description\" content=\"Vorschriften und Regeln zur Inneren Ordnung des Camping Cala Pola. Wir danken f\u00fcr Ihr Verst\u00e4ndnis und die Befolgung dieser Regeln.\" \/>\n<meta property=\"og:url\" content=\"https:\/\/campingcalapola.com\/de\/vorschriften-und-regeln-zur-inneren-ordnung\/\" \/>\n<meta property=\"og:site_name\" content=\"Cala Pola\" \/>\n<meta property=\"article:modified_time\" content=\"2025-07-22T10:30:41+00:00\" \/>\n<meta name=\"twitter:card\" content=\"summary_large_image\" \/>\n<meta name=\"twitter:label1\" content=\"Gesch\u00e4tzte Lesezeit\" \/>\n\t<meta name=\"twitter:data1\" content=\"7\u00a0Minuten\" \/>\n<script type=\"application\/ld+json\" class=\"yoast-schema-graph\">{\"@context\":\"https:\/\/schema.org\",\"@graph\":[{\"@type\":\"WebPage\",\"@id\":\"https:\/\/campingcalapola.com\/de\/vorschriften-und-regeln-zur-inneren-ordnung\/\",\"url\":\"https:\/\/campingcalapola.com\/de\/vorschriften-und-regeln-zur-inneren-ordnung\/\",\"name\":\"Vorschriften und Regeln zur Inneren Ordnung - Cala Pola - Costa Brava\",\"isPartOf\":{\"@id\":\"https:\/\/campingcalapola.com\/#website\"},\"datePublished\":\"2024-02-27T08:22:48+00:00\",\"dateModified\":\"2025-07-22T10:30:41+00:00\",\"description\":\"Vorschriften und Regeln zur Inneren Ordnung des Camping Cala Pola. Wir danken f\u00fcr Ihr Verst\u00e4ndnis und die Befolgung dieser Regeln.\",\"breadcrumb\":{\"@id\":\"https:\/\/campingcalapola.com\/de\/vorschriften-und-regeln-zur-inneren-ordnung\/#breadcrumb\"},\"inLanguage\":\"de\",\"potentialAction\":[{\"@type\":\"ReadAction\",\"target\":[\"https:\/\/campingcalapola.com\/de\/vorschriften-und-regeln-zur-inneren-ordnung\/\"]}]},{\"@type\":\"BreadcrumbList\",\"@id\":\"https:\/\/campingcalapola.com\/de\/vorschriften-und-regeln-zur-inneren-ordnung\/#breadcrumb\",\"itemListElement\":[{\"@type\":\"ListItem\",\"position\":1,\"name\":\"Portada\",\"item\":\"https:\/\/campingcalapola.com\/de\/\"},{\"@type\":\"ListItem\",\"position\":2,\"name\":\"Vorschriften und Regeln zur Inneren Ordnung\"}]},{\"@type\":\"WebSite\",\"@id\":\"https:\/\/campingcalapola.com\/#website\",\"url\":\"https:\/\/campingcalapola.com\/\",\"name\":\"Cala Pola\",\"description\":\"100% Costa Brava\",\"publisher\":{\"@id\":\"https:\/\/campingcalapola.com\/#organization\"},\"potentialAction\":[{\"@type\":\"SearchAction\",\"target\":{\"@type\":\"EntryPoint\",\"urlTemplate\":\"https:\/\/campingcalapola.com\/?s={search_term_string}\"},\"query-input\":{\"@type\":\"PropertyValueSpecification\",\"valueRequired\":true,\"valueName\":\"search_term_string\"}}],\"inLanguage\":\"de\"},{\"@type\":\"Organization\",\"@id\":\"https:\/\/campingcalapola.com\/#organization\",\"name\":\"Cala Pola\",\"url\":\"https:\/\/campingcalapola.com\/\",\"logo\":{\"@type\":\"ImageObject\",\"inLanguage\":\"de\",\"@id\":\"https:\/\/campingcalapola.com\/#\/schema\/logo\/image\/\",\"url\":\"https:\/\/campingcalapola.com\/wp-content\/uploads\/logo-cala-pola-h.png\",\"contentUrl\":\"https:\/\/campingcalapola.com\/wp-content\/uploads\/logo-cala-pola-h.png\",\"width\":340,\"height\":120,\"caption\":\"Cala Pola\"},\"image\":{\"@id\":\"https:\/\/campingcalapola.com\/#\/schema\/logo\/image\/\"}}]}<\/script>\n<!-- \/ Yoast SEO plugin. -->","yoast_head_json":{"title":"Vorschriften und Regeln zur Inneren Ordnung - Cala Pola - Costa Brava","description":"Vorschriften und Regeln zur Inneren Ordnung des Camping Cala Pola. Wir danken f\u00fcr Ihr Verst\u00e4ndnis und die Befolgung dieser Regeln.","robots":{"index":"index","follow":"follow","max-snippet":"max-snippet:-1","max-image-preview":"max-image-preview:large","max-video-preview":"max-video-preview:-1"},"canonical":"https:\/\/campingcalapola.com\/de\/vorschriften-und-regeln-zur-inneren-ordnung\/","og_locale":"de_DE","og_type":"article","og_title":"Vorschriften und Regeln zur Inneren Ordnung - Cala Pola - Costa Brava","og_description":"Vorschriften und Regeln zur Inneren Ordnung des Camping Cala Pola. Wir danken f\u00fcr Ihr Verst\u00e4ndnis und die Befolgung dieser Regeln.","og_url":"https:\/\/campingcalapola.com\/de\/vorschriften-und-regeln-zur-inneren-ordnung\/","og_site_name":"Cala Pola","article_modified_time":"2025-07-22T10:30:41+00:00","twitter_card":"summary_large_image","twitter_misc":{"Gesch\u00e4tzte Lesezeit":"7\u00a0Minuten"},"schema":{"@context":"https:\/\/schema.org","@graph":[{"@type":"WebPage","@id":"https:\/\/campingcalapola.com\/de\/vorschriften-und-regeln-zur-inneren-ordnung\/","url":"https:\/\/campingcalapola.com\/de\/vorschriften-und-regeln-zur-inneren-ordnung\/","name":"Vorschriften und Regeln zur Inneren Ordnung - Cala Pola - Costa Brava","isPartOf":{"@id":"https:\/\/campingcalapola.com\/#website"},"datePublished":"2024-02-27T08:22:48+00:00","dateModified":"2025-07-22T10:30:41+00:00","description":"Vorschriften und Regeln zur Inneren Ordnung des Camping Cala Pola. Wir danken f\u00fcr Ihr Verst\u00e4ndnis und die Befolgung dieser Regeln.","breadcrumb":{"@id":"https:\/\/campingcalapola.com\/de\/vorschriften-und-regeln-zur-inneren-ordnung\/#breadcrumb"},"inLanguage":"de","potentialAction":[{"@type":"ReadAction","target":["https:\/\/campingcalapola.com\/de\/vorschriften-und-regeln-zur-inneren-ordnung\/"]}]},{"@type":"BreadcrumbList","@id":"https:\/\/campingcalapola.com\/de\/vorschriften-und-regeln-zur-inneren-ordnung\/#breadcrumb","itemListElement":[{"@type":"ListItem","position":1,"name":"Portada","item":"https:\/\/campingcalapola.com\/de\/"},{"@type":"ListItem","position":2,"name":"Vorschriften und Regeln zur Inneren Ordnung"}]},{"@type":"WebSite","@id":"https:\/\/campingcalapola.com\/#website","url":"https:\/\/campingcalapola.com\/","name":"Cala Pola","description":"100% Costa Brava","publisher":{"@id":"https:\/\/campingcalapola.com\/#organization"},"potentialAction":[{"@type":"SearchAction","target":{"@type":"EntryPoint","urlTemplate":"https:\/\/campingcalapola.com\/?s={search_term_string}"},"query-input":{"@type":"PropertyValueSpecification","valueRequired":true,"valueName":"search_term_string"}}],"inLanguage":"de"},{"@type":"Organization","@id":"https:\/\/campingcalapola.com\/#organization","name":"Cala Pola","url":"https:\/\/campingcalapola.com\/","logo":{"@type":"ImageObject","inLanguage":"de","@id":"https:\/\/campingcalapola.com\/#\/schema\/logo\/image\/","url":"https:\/\/campingcalapola.com\/wp-content\/uploads\/logo-cala-pola-h.png","contentUrl":"https:\/\/campingcalapola.com\/wp-content\/uploads\/logo-cala-pola-h.png","width":340,"height":120,"caption":"Cala Pola"},"image":{"@id":"https:\/\/campingcalapola.com\/#\/schema\/logo\/image\/"}}]}},"_links":{"self":[{"href":"https:\/\/campingcalapola.com\/de\/wp-json\/wp\/v2\/pages\/3243","targetHints":{"allow":["GET"]}}],"collection":[{"href":"https:\/\/campingcalapola.com\/de\/wp-json\/wp\/v2\/pages"}],"about":[{"href":"https:\/\/campingcalapola.com\/de\/wp-json\/wp\/v2\/types\/page"}],"author":[{"embeddable":true,"href":"https:\/\/campingcalapola.com\/de\/wp-json\/wp\/v2\/users\/2"}],"replies":[{"embeddable":true,"href":"https:\/\/campingcalapola.com\/de\/wp-json\/wp\/v2\/comments?post=3243"}],"version-history":[{"count":7,"href":"https:\/\/campingcalapola.com\/de\/wp-json\/wp\/v2\/pages\/3243\/revisions"}],"predecessor-version":[{"id":6592,"href":"https:\/\/campingcalapola.com\/de\/wp-json\/wp\/v2\/pages\/3243\/revisions\/6592"}],"wp:attachment":[{"href":"https:\/\/campingcalapola.com\/de\/wp-json\/wp\/v2\/media?parent=3243"}],"curies":[{"name":"wp","href":"https:\/\/api.w.org\/{rel}","templated":true}]}}