{"id":2742,"date":"2024-02-09T17:02:26","date_gmt":"2024-02-09T16:02:26","guid":{"rendered":"https:\/\/campingcalapola.com\/politica-de-cookies\/"},"modified":"2026-04-14T10:12:30","modified_gmt":"2026-04-14T08:12:30","slug":"cookies-politik","status":"publish","type":"page","link":"https:\/\/campingcalapola.com\/de\/cookies-politik\/","title":{"rendered":"Cookies-Politik"},"content":{"rendered":"\n<h1 class=\"wp-block-heading has-text-align-center olas-sub\" style=\"margin-top:30vh\">Cookie-Richtlinie<br><sub>Aktualisiert: Sep-25-2025<\/sub><\/h1>\n\n\n\n<p>Die Website <a href=\"https:\/\/campingcalapola.com\/de\/\">https:\/\/campingcalapola.com\/<\/a> liegt in der Verantwortung von INMOBILIARIA PLAYA POLA, S.A.U. (im Folgenden CAMPING CALA POLA), mit Sitz in Casa Singer, s\/n &#8211; Ctra. GI-682, km. 27,5 &#8211; 17320 &#8211; TOSSA DE MAR (Girona), mit der CIF: A08313470 und der E-Mail-Adresse info@campingcalapola.com.<\/p>\n\n\n\n<p>Daher gilt f\u00fcr die Verwendung von Cookies diese \u201eCookie-Richtlinie\u201c, die erstellt wurde, um den Nutzer \u00fcber die verschiedenen Verwendungszwecke dieser Technologien zu informieren und ihm zu erm\u00f6glichen, deren Verarbeitung gem\u00e4\u00df der geltenden Gesetzgebung informiert zuzustimmen.<\/p>\n\n\n\n<p><strong>Was ist ein Cookie?<\/strong><\/p>\n\n\n\n<p>Ein Cookie ist eine Datei, die auf Ihrem Computer heruntergeladen wird, wenn der Nutzer bestimmte Webseiten besucht. Cookies erm\u00f6glichen es einer Website unter anderem, Informationen \u00fcber die Surfgewohnheiten eines Nutzers oder seines Ger\u00e4ts zu speichern und abzurufen. Je nach enthaltenen Informationen und der Nutzung des Ger\u00e4ts k\u00f6nnen sie dazu verwendet werden, den Nutzer wiederzuerkennen.<\/p>\n\n\n\n<p><strong>Welche Arten von Cookies gibt es?<\/strong><\/p>\n\n\n\n<p>Es gibt verschiedene Arten von Cookies nach unterschiedlichen Kriterien:<\/p>\n\n\n\n<p>Nach der Speicherdauer:<\/p>\n\n\n\n<ul class=\"wp-block-list\">\n<li>Sitzungs-Cookies: Diese Cookies sammeln und speichern Daten, w\u00e4hrend der Nutzer eine Website besucht.<\/li>\n<li>Permanente Cookies: Diese Cookies speichern Daten auf dem Endger\u00e4t und k\u00f6nnen \u00fcber einen bestimmten Zeitraum abgerufen und verarbeitet werden.<\/li>\n<\/ul>\n\n\n\n<p>Nach dem Eigent\u00fcmer:<\/p>\n\n\n\n<ul class=\"wp-block-list\">\n<li>Eigene Cookies: Diese geh\u00f6ren CAMPING CALA POLA.<\/li>\n<li>Cookies von Drittanbietern: Diese geh\u00f6ren einem Dritten, der die gesammelten Informationen verarbeitet.<\/li>\n<\/ul>\n\n\n\n<p>Nach ihrem Zweck:<\/p>\n\n\n\n<ul class=\"wp-block-list\">\n<li>Technische und\/oder Personalisierungs-Cookies: Sie dienen der Verbesserung des Dienstes, der Fehlererkennung, der Nutzeridentifikation usw.<\/li>\n<li>Analyse- und\/oder Werbe-Cookies: Sie dienen der Analyse des Nutzerverhaltens und der Anzeige allgemeiner oder personalisierter Werbung.<\/li>\n<\/ul>\n\n\n\n<p><strong>Welche Cookies sind am h\u00e4ufigsten?<\/strong><\/p>\n\n\n\n<p>TECHNISCHE: Eigene Sitzungs-, Identifikations-, Konfigurations- und Registrierungs-Cookies, die f\u00fcr die Identifikation des Nutzers und die Bereitstellung der angeforderten Dienste unbedingt erforderlich sind. Die erhobenen Informationen werden ausschlie\u00dflich von CAMPING CALA POLA verarbeitet.<\/p>\n\n\n\n<p>ANALYSE: Diese Cookies erm\u00f6glichen es uns oder Dritten, die Anzahl der Nutzer zu quantifizieren und statistische Analysen \u00fcber die Nutzung der angebotenen Dienste durchzuf\u00fchren. Dazu wird das Surfverhalten auf unserer Website analysiert, um unser Angebot zu verbessern.<\/p>\n\n\n\n<p>WERBUNG: Diese Cookies erm\u00f6glichen die m\u00f6glichst effiziente Verwaltung von Werbefl\u00e4chen auf unserer Website und speichern Informationen \u00fcber das Nutzerverhalten. Dadurch k\u00f6nnen wir Surfgewohnheiten erkennen und Werbung entsprechend anzeigen.<\/p>\n\n\n\n<p><strong>Wozu dient ein Cookie?<\/strong><\/p>\n\n\n\n<p>Cookies werden verwendet, um personalisierte Dienste und\/oder Werbung anzubieten, die Systemleistung zu analysieren, den Nutzer zu erkennen, Probleme zu identifizieren und schnell zu l\u00f6sen sowie die Nutzung der Website zu analysieren.<\/p>\n\n\n\n<p><strong>Ist meine Zustimmung erforderlich?<\/strong><\/p>\n\n\n\n<p>F\u00fcr technische Cookies oder solche, die f\u00fcr die Bereitstellung eines ausdr\u00fccklich angeforderten Dienstes erforderlich sind, ist keine Zustimmung notwendig.<\/p>\n\n\n\n<p>F\u00fcr alle anderen Cookies ist die Zustimmung des Nutzers erforderlich. Im Fall von CAMPING CALA POLA gilt die Zustimmung als erteilt, wenn optionale Cookies akzeptiert werden. Diese Zustimmung kann jederzeit widerrufen werden, indem Cookies im Abschnitt \u201eWie kann man Cookies deaktivieren?\u201c deaktiviert werden.<\/p>\n\n\n\n<p><strong>Welche Cookies verwendet diese Website?<\/strong><\/p>\n\n\n\n<p>Technische Cookies: Diese werden ausschlie\u00dflich von uns erstellt und verwaltet und erm\u00f6glichen dem Nutzer das Navigieren auf der Website sowie die Nutzung verschiedener Funktionen wie Sitzungsidentifikation, Personalisierung oder Zugang zu gesch\u00fctzten Bereichen.<\/p>\n\n\n\n<p>Die Website von CAMPING CALA POLA verwendet Google Analytics, ein Webanalyse-Tool von Google, das Website-Betreibern hilft zu verstehen, wie Nutzer mit der Website interagieren. Google Analytics verwendet Cookies, die Informationen einschlie\u00dflich der IP-Adresse sammeln und an Google \u00fcbermitteln.<\/p>\n\n\n\n<p>Weitere Informationen:<\/p>\n\n\n\n<p><a href=\"https:\/\/developers.google.com\/analytics\/devguides\/collection\/analyticsjs\/cookie-usage\">https:\/\/developers.google.com\/analytics\/devguides\/collection\/analyticsjs\/cookie-usage<\/a><\/p>\n\n\n\n<p>Die Domain <a href=\"https:\/\/campingcalapola.com\/de\/\">https:\/\/campingcalapola.com\/<\/a> verwendet folgende Cookies:<\/p>\n\n\n\n<figure class=\"wp-block-table\"><table class=\"has-fixed-layout\">\n<tbody>\n<tr><td><strong>Eigent\u00fcmer<\/strong><\/td><td><strong>Cookie-Name<\/strong><\/td><td><strong>Zweck<\/strong><\/td><td><strong>Ablauf<\/strong><\/td><\/tr>\n<tr><td>https:\/\/campingcalapola.com\/<\/td><td>_fbp<\/td><td>Cookie zur Bereitstellung von Werbeprodukten.<\/td><td>3 Monate<\/td><\/tr>\n<tr><td>https:\/\/campingcalapola.com\/<\/td><td>_ga<\/td><td>Erm\u00f6glicht die Unterscheidung von Nutzern.<\/td><td>2 Jahre<\/td><\/tr>\n<tr><td>https:\/\/campingcalapola.com\/<\/td><td>_gcl_au<\/td><td>Wird von Google verwendet, um die Effizienz von Werbung zu testen.<\/td><td>3 Monate<\/td><\/tr>\n<tr><td>https:\/\/campingcalapola.com\/<\/td><td>_gcl_aw<\/td><td>Misst die Effektivit\u00e4t von Anzeigen.<\/td><td>90 Tage<\/td><\/tr>\n<tr><td>https:\/\/campingcalapola.com\/<\/td><td>_gcl_gs<\/td><td>Speichert Nutzerverhalten.<\/td><td>3 Monate<\/td><\/tr>\n<tr><td>https:\/\/campingcalapola.com\/<\/td><td>AEC<\/td><td>Erforderlich f\u00fcr Website-Funktionen.<\/td><td>1 Jahr<\/td><\/tr>\n<tr><td>https:\/\/campingcalapola.com\/<\/td><td>CookieConsent<\/td><td>Speichert den Cookie-Zustimmungsstatus.<\/td><td>2 Jahre<\/td><\/tr>\n<tr><td>https:\/\/campingcalapola.com\/<\/td><td>DV<\/td><td>Erkennt Google-Login.<\/td><td>Sitzung<\/td><\/tr>\n<tr><td>https:\/\/campingcalapola.com\/<\/td><td>FPID<\/td><td>Identifiziert Besucher.<\/td><td>Sitzung<\/td><\/tr>\n<tr><td>https:\/\/campingcalapola.com\/<\/td><td>FPLC<\/td><td>Domain\u00fcbergreifendes Tracking.<\/td><td>1 Tag<\/td><\/tr>\n<tr><td>https:\/\/campingcalapola.com\/<\/td><td>NID<\/td><td>Zeigt Google-Werbung.<\/td><td>6 Monate<\/td><\/tr>\n<tr><td>https:\/\/campingcalapola.com\/<\/td><td>SOCS<\/td><td>Speichert Cookie-Pr\u00e4ferenzen.<\/td><td>13 Monate<\/td><\/tr>\n<tr><td>https:\/\/www.youtube.com<\/td><td>VISITOR_INFO1_LIVE<\/td><td>Verfolgt eingebettete Videos.<\/td><td>6 Monate<\/td><\/tr>\n<tr><td>https:\/\/www.youtube.com<\/td><td>YSC<\/td><td>Verfolgt Videoaufrufe.<\/td><td>Beim Schlie\u00dfen der Website<\/td><\/tr>\n<\/tbody>\n<\/table><\/figure>\n\n\n\n<p><strong>Wie kann man Cookies deaktivieren?<\/strong><\/p>\n\n\n\n<p>Sie k\u00f6nnen Cookies \u00fcber die Einstellungen Ihres Browsers zulassen, blockieren oder l\u00f6schen.<\/p>\n\n\n\n<p><strong>Aus\u00fcbung von Rechten<\/strong><\/p>\n\n\n\n<p>Sie k\u00f6nnen Ihre Datenschutzrechte \u00fcber unsere Datenschutzrichtlinie aus\u00fcben: <a href=\"https:\/\/campingcalapola.com\/de\/\">https:\/\/campingcalapola.com\/<\/a>politica-de-privacidad\/<\/p>\n\n\n\n<p style=\"margin-bottom:10vh\"><strong>Weitere Informationen<\/strong> finden Sie im Cookie-Leitfaden der AEPD: <a href=\"https:\/\/www.aepd.es\/es\/documento\/guia-cookies.pdf\">https:\/\/www.aepd.es\/es\/documento\/guia-cookies.pdf<\/a><\/p>\n","protected":false},"excerpt":{"rendered":"<p>Cookie-RichtlinieAktualisiert: Sep-25-2025 Die Website https:\/\/campingcalapola.com\/ liegt in der Verantwortung von INMOBILIARIA PLAYA POLA, S.A.U. (im Folgenden CAMPING CALA POLA), mit Sitz in Casa Singer, s\/n&#8230;<\/p>\n","protected":false},"author":2,"featured_media":0,"parent":0,"menu_order":17,"comment_status":"closed","ping_status":"closed","template":"","meta":{"_acf_changed":false,"inline_featured_image":false,"footnotes":""},"class_list":["post-2742","page","type-page","status-publish","hentry"],"acf":[],"yoast_head":"<!-- This site is optimized with the Yoast SEO plugin v25.4 - https:\/\/yoast.com\/wordpress\/plugins\/seo\/ -->\n<title>Cookies-Politik - Cala Pola<\/title>\n<meta name=\"description\" content=\"Es werden Cookies und andere verwandte Technologien verwendet. Cookies werden auch von beauftragten Dritten gesetzt.\" \/>\n<meta name=\"robots\" content=\"index, follow, max-snippet:-1, max-image-preview:large, max-video-preview:-1\" \/>\n<link rel=\"canonical\" href=\"https:\/\/campingcalapola.com\/de\/cookies-politik\/\" \/>\n<meta property=\"og:locale\" content=\"de_DE\" \/>\n<meta property=\"og:type\" content=\"article\" \/>\n<meta property=\"og:title\" content=\"Cookies-Politik - Cala Pola\" \/>\n<meta property=\"og:description\" content=\"Es werden Cookies und andere verwandte Technologien verwendet. Cookies werden auch von beauftragten Dritten gesetzt.\" \/>\n<meta property=\"og:url\" content=\"https:\/\/campingcalapola.com\/de\/cookies-politik\/\" \/>\n<meta property=\"og:site_name\" content=\"Cala Pola\" \/>\n<meta property=\"article:modified_time\" content=\"2026-04-14T08:12:30+00:00\" \/>\n<meta name=\"twitter:card\" content=\"summary_large_image\" \/>\n<meta name=\"twitter:label1\" content=\"Gesch\u00e4tzte Lesezeit\" \/>\n\t<meta name=\"twitter:data1\" content=\"1\u00a0Minute\" \/>\n<script type=\"application\/ld+json\" class=\"yoast-schema-graph\">{\"@context\":\"https:\/\/schema.org\",\"@graph\":[{\"@type\":\"WebPage\",\"@id\":\"https:\/\/campingcalapola.com\/de\/cookies-politik\/\",\"url\":\"https:\/\/campingcalapola.com\/de\/cookies-politik\/\",\"name\":\"Cookies-Politik - Cala Pola\",\"isPartOf\":{\"@id\":\"https:\/\/campingcalapola.com\/#website\"},\"datePublished\":\"2024-02-09T16:02:26+00:00\",\"dateModified\":\"2026-04-14T08:12:30+00:00\",\"description\":\"Es werden Cookies und andere verwandte Technologien verwendet. Cookies werden auch von beauftragten Dritten gesetzt.\",\"breadcrumb\":{\"@id\":\"https:\/\/campingcalapola.com\/de\/cookies-politik\/#breadcrumb\"},\"inLanguage\":\"de\",\"potentialAction\":[{\"@type\":\"ReadAction\",\"target\":[\"https:\/\/campingcalapola.com\/de\/cookies-politik\/\"]}]},{\"@type\":\"BreadcrumbList\",\"@id\":\"https:\/\/campingcalapola.com\/de\/cookies-politik\/#breadcrumb\",\"itemListElement\":[{\"@type\":\"ListItem\",\"position\":1,\"name\":\"Portada\",\"item\":\"https:\/\/campingcalapola.com\/de\/\"},{\"@type\":\"ListItem\",\"position\":2,\"name\":\"Cookies-Politik\"}]},{\"@type\":\"WebSite\",\"@id\":\"https:\/\/campingcalapola.com\/#website\",\"url\":\"https:\/\/campingcalapola.com\/\",\"name\":\"Cala Pola\",\"description\":\"100% Costa Brava\",\"publisher\":{\"@id\":\"https:\/\/campingcalapola.com\/#organization\"},\"potentialAction\":[{\"@type\":\"SearchAction\",\"target\":{\"@type\":\"EntryPoint\",\"urlTemplate\":\"https:\/\/campingcalapola.com\/?s={search_term_string}\"},\"query-input\":{\"@type\":\"PropertyValueSpecification\",\"valueRequired\":true,\"valueName\":\"search_term_string\"}}],\"inLanguage\":\"de\"},{\"@type\":\"Organization\",\"@id\":\"https:\/\/campingcalapola.com\/#organization\",\"name\":\"Cala Pola\",\"url\":\"https:\/\/campingcalapola.com\/\",\"logo\":{\"@type\":\"ImageObject\",\"inLanguage\":\"de\",\"@id\":\"https:\/\/campingcalapola.com\/#\/schema\/logo\/image\/\",\"url\":\"https:\/\/campingcalapola.com\/wp-content\/uploads\/logo-cala-pola-h.png\",\"contentUrl\":\"https:\/\/campingcalapola.com\/wp-content\/uploads\/logo-cala-pola-h.png\",\"width\":340,\"height\":120,\"caption\":\"Cala Pola\"},\"image\":{\"@id\":\"https:\/\/campingcalapola.com\/#\/schema\/logo\/image\/\"}}]}<\/script>\n<!-- \/ Yoast SEO plugin. -->","yoast_head_json":{"title":"Cookies-Politik - Cala Pola","description":"Es werden Cookies und andere verwandte Technologien verwendet. Cookies werden auch von beauftragten Dritten gesetzt.","robots":{"index":"index","follow":"follow","max-snippet":"max-snippet:-1","max-image-preview":"max-image-preview:large","max-video-preview":"max-video-preview:-1"},"canonical":"https:\/\/campingcalapola.com\/de\/cookies-politik\/","og_locale":"de_DE","og_type":"article","og_title":"Cookies-Politik - Cala Pola","og_description":"Es werden Cookies und andere verwandte Technologien verwendet. Cookies werden auch von beauftragten Dritten gesetzt.","og_url":"https:\/\/campingcalapola.com\/de\/cookies-politik\/","og_site_name":"Cala Pola","article_modified_time":"2026-04-14T08:12:30+00:00","twitter_card":"summary_large_image","twitter_misc":{"Gesch\u00e4tzte Lesezeit":"1\u00a0Minute"},"schema":{"@context":"https:\/\/schema.org","@graph":[{"@type":"WebPage","@id":"https:\/\/campingcalapola.com\/de\/cookies-politik\/","url":"https:\/\/campingcalapola.com\/de\/cookies-politik\/","name":"Cookies-Politik - Cala Pola","isPartOf":{"@id":"https:\/\/campingcalapola.com\/#website"},"datePublished":"2024-02-09T16:02:26+00:00","dateModified":"2026-04-14T08:12:30+00:00","description":"Es werden Cookies und andere verwandte Technologien verwendet. Cookies werden auch von beauftragten Dritten gesetzt.","breadcrumb":{"@id":"https:\/\/campingcalapola.com\/de\/cookies-politik\/#breadcrumb"},"inLanguage":"de","potentialAction":[{"@type":"ReadAction","target":["https:\/\/campingcalapola.com\/de\/cookies-politik\/"]}]},{"@type":"BreadcrumbList","@id":"https:\/\/campingcalapola.com\/de\/cookies-politik\/#breadcrumb","itemListElement":[{"@type":"ListItem","position":1,"name":"Portada","item":"https:\/\/campingcalapola.com\/de\/"},{"@type":"ListItem","position":2,"name":"Cookies-Politik"}]},{"@type":"WebSite","@id":"https:\/\/campingcalapola.com\/#website","url":"https:\/\/campingcalapola.com\/","name":"Cala Pola","description":"100% Costa Brava","publisher":{"@id":"https:\/\/campingcalapola.com\/#organization"},"potentialAction":[{"@type":"SearchAction","target":{"@type":"EntryPoint","urlTemplate":"https:\/\/campingcalapola.com\/?s={search_term_string}"},"query-input":{"@type":"PropertyValueSpecification","valueRequired":true,"valueName":"search_term_string"}}],"inLanguage":"de"},{"@type":"Organization","@id":"https:\/\/campingcalapola.com\/#organization","name":"Cala Pola","url":"https:\/\/campingcalapola.com\/","logo":{"@type":"ImageObject","inLanguage":"de","@id":"https:\/\/campingcalapola.com\/#\/schema\/logo\/image\/","url":"https:\/\/campingcalapola.com\/wp-content\/uploads\/logo-cala-pola-h.png","contentUrl":"https:\/\/campingcalapola.com\/wp-content\/uploads\/logo-cala-pola-h.png","width":340,"height":120,"caption":"Cala Pola"},"image":{"@id":"https:\/\/campingcalapola.com\/#\/schema\/logo\/image\/"}}]}},"_links":{"self":[{"href":"https:\/\/campingcalapola.com\/de\/wp-json\/wp\/v2\/pages\/2742","targetHints":{"allow":["GET"]}}],"collection":[{"href":"https:\/\/campingcalapola.com\/de\/wp-json\/wp\/v2\/pages"}],"about":[{"href":"https:\/\/campingcalapola.com\/de\/wp-json\/wp\/v2\/types\/page"}],"author":[{"embeddable":true,"href":"https:\/\/campingcalapola.com\/de\/wp-json\/wp\/v2\/users\/2"}],"replies":[{"embeddable":true,"href":"https:\/\/campingcalapola.com\/de\/wp-json\/wp\/v2\/comments?post=2742"}],"version-history":[{"count":3,"href":"https:\/\/campingcalapola.com\/de\/wp-json\/wp\/v2\/pages\/2742\/revisions"}],"predecessor-version":[{"id":7174,"href":"https:\/\/campingcalapola.com\/de\/wp-json\/wp\/v2\/pages\/2742\/revisions\/7174"}],"wp:attachment":[{"href":"https:\/\/campingcalapola.com\/de\/wp-json\/wp\/v2\/media?parent=2742"}],"curies":[{"name":"wp","href":"https:\/\/api.w.org\/{rel}","templated":true}]}}